{"id":2321,"date":"2022-08-26T23:28:55","date_gmt":"2022-08-26T23:28:55","guid":{"rendered":"https:\/\/domiberica.international\/product\/forvm-antigues-reserves"},"modified":"2022-08-26T23:28:55","modified_gmt":"2022-08-26T23:28:55","slug":"forvm-antigues-reserves-2","status":"publish","type":"product","link":"https:\/\/domiberica.international\/es\/producto\/forvm-antigues-reserves-2","title":{"rendered":"FORVM ANTIGUES RESERVES"},"content":{"rendered":"","protected":false},"excerpt":{"rendered":"<p>Procedente de las <strong>soleras iniciales de m\u00e1s de 30 a\u00f1os del Forvm Cabernet Sauvignon<\/strong>, Forvm Antigues Reserves es envejecido en barricas de roble dentro de barracones de piedra seca, en medio de nuestros vi\u00f1edos. Se trata de un vinagre agridulce diferente y de producci\u00f3n muy limitada, con una gran personalidad y car\u00e1cter, en el que destacan notas resultantes de su largo envejecimiento y en el que podemos encontrar concentrados el gusto y aromas de la esencia mediterr\u00e1nea.<\/p>\n<p>Forvm Antigues Reserves es un vinagre agridulce ideal para las recetas m\u00e1s exigentes, que les otorgar\u00e1 un sabor \u00fanico y distintivo.<\/p>\n","protected":false},"featured_media":2322,"template":"","meta":[],"product_brand":[],"product_cat":[410,652,722],"product_tag":[654,655],"class_list":{"0":"post-2321","1":"product","2":"type-product","3":"status-publish","4":"has-post-thumbnail","6":"product_cat-alimentos","7":"product_cat-avgvstvs-forvm-es","8":"product_cat-vinagre","9":"product_tag-avgvstvs-forvm-es","10":"product_tag-forvm-es","12":"first","13":"instock","14":"shipping-taxable","15":"product-type-simple"},"_links":{"self":[{"href":"https:\/\/domiberica.international\/es\/wp-json\/wp\/v2\/product\/2321","targetHints":{"allow":["GET"]}}],"collection":[{"href":"https:\/\/domiberica.international\/es\/wp-json\/wp\/v2\/product"}],"about":[{"href":"https:\/\/domiberica.international\/es\/wp-json\/wp\/v2\/types\/product"}],"version-history":[{"count":0,"href":"https:\/\/domiberica.international\/es\/wp-json\/wp\/v2\/product\/2321\/revisions"}],"wp:featuredmedia":[{"embeddable":true,"href":"https:\/\/domiberica.international\/es\/wp-json\/wp\/v2\/media\/2322"}],"wp:attachment":[{"href":"https:\/\/domiberica.international\/es\/wp-json\/wp\/v2\/media?parent=2321"}],"wp:term":[{"taxonomy":"product_brand","embeddable":true,"href":"https:\/\/domiberica.international\/es\/wp-json\/wp\/v2\/product_brand?post=2321"},{"taxonomy":"product_cat","embeddable":true,"href":"https:\/\/domiberica.international\/es\/wp-json\/wp\/v2\/product_cat?post=2321"},{"taxonomy":"product_tag","embeddable":true,"href":"https:\/\/domiberica.international\/es\/wp-json\/wp\/v2\/product_tag?post=2321"}],"curies":[{"name":"wp","href":"https:\/\/api.w.org\/{rel}","templated":true}]}}