{"id":2336,"date":"2022-08-26T23:38:37","date_gmt":"2022-08-26T23:38:37","guid":{"rendered":"https:\/\/domiberica.international\/product\/forvm-cabernet-sauvignon"},"modified":"2022-08-26T23:38:37","modified_gmt":"2022-08-26T23:38:37","slug":"forvm-cabernet-sauvignon-2","status":"publish","type":"product","link":"https:\/\/domiberica.international\/es\/producto\/forvm-cabernet-sauvignon-2","title":{"rendered":"FORVM CABERNET SAUVIGNON"},"content":{"rendered":"","protected":false},"excerpt":{"rendered":"<p>Elaborado con vinos de alta calidad de la variedad Cabernet Sauvignon y acetificado artesanalmente, este agridulce con soleras de m\u00e1s de 8 a\u00f1os, marcar\u00e1 una referencia para los amantes de la mejor gastronom\u00eda.<\/p>\n<p>El resultado es un vinagre ideal para utilizar d\u00eda a d\u00eda en la cocina, para ensaladas, salsas, frutas, helados, postres, etc. Perfecto para reducirlo a fuego lento.<\/p>\n","protected":false},"featured_media":2334,"template":"","meta":[],"product_brand":[],"product_cat":[410,652,722],"product_tag":[654,655],"class_list":{"0":"post-2336","1":"product","2":"type-product","3":"status-publish","4":"has-post-thumbnail","6":"product_cat-alimentos","7":"product_cat-avgvstvs-forvm-es","8":"product_cat-vinagre","9":"product_tag-avgvstvs-forvm-es","10":"product_tag-forvm-es","12":"first","13":"instock","14":"shipping-taxable","15":"product-type-simple"},"_links":{"self":[{"href":"https:\/\/domiberica.international\/es\/wp-json\/wp\/v2\/product\/2336","targetHints":{"allow":["GET"]}}],"collection":[{"href":"https:\/\/domiberica.international\/es\/wp-json\/wp\/v2\/product"}],"about":[{"href":"https:\/\/domiberica.international\/es\/wp-json\/wp\/v2\/types\/product"}],"version-history":[{"count":0,"href":"https:\/\/domiberica.international\/es\/wp-json\/wp\/v2\/product\/2336\/revisions"}],"wp:featuredmedia":[{"embeddable":true,"href":"https:\/\/domiberica.international\/es\/wp-json\/wp\/v2\/media\/2334"}],"wp:attachment":[{"href":"https:\/\/domiberica.international\/es\/wp-json\/wp\/v2\/media?parent=2336"}],"wp:term":[{"taxonomy":"product_brand","embeddable":true,"href":"https:\/\/domiberica.international\/es\/wp-json\/wp\/v2\/product_brand?post=2336"},{"taxonomy":"product_cat","embeddable":true,"href":"https:\/\/domiberica.international\/es\/wp-json\/wp\/v2\/product_cat?post=2336"},{"taxonomy":"product_tag","embeddable":true,"href":"https:\/\/domiberica.international\/es\/wp-json\/wp\/v2\/product_tag?post=2336"}],"curies":[{"name":"wp","href":"https:\/\/api.w.org\/{rel}","templated":true}]}}