{"id":2343,"date":"2022-08-26T23:42:24","date_gmt":"2022-08-26T23:42:24","guid":{"rendered":"https:\/\/domiberica.international\/product\/forvm-merlot"},"modified":"2022-08-26T23:47:45","modified_gmt":"2022-08-26T23:47:45","slug":"forvm-merlot","status":"publish","type":"product","link":"https:\/\/domiberica.international\/es\/producto\/forvm-merlot","title":{"rendered":"FORVM MERLOT"},"content":{"rendered":"","protected":false},"excerpt":{"rendered":"<p>Les presentamos Forvm Merlot, un vinagre que nace de nuestro vino joven de la variedad Merlot, y que elaboramos en nuestras bodegas sin que haya sido envejecido en barrica. Sus colores viol\u00e1ceos con tonos rojizos son muy intensos, y nos permiten jugar con infinidad de platos y presentaciones.<\/p>\n<p>En boca tiene un sabor muy vivo, con recuerdos a frutos rojos, mermelada, fresas, cerezas\u2026 y un recuerdo agridulce muy propio de nuestros vinagres FORVM. Un vinagre ideal que aporta color a ensaladas, salsas o reduci\u00e9ndolo para postres, y as\u00ed, hacer de cualquiera de vuestras elaboraciones, platos \u00fanicos.<\/p>\n","protected":false},"featured_media":2341,"template":"","meta":[],"product_brand":[],"product_cat":[410,652,722],"product_tag":[654,655],"class_list":{"0":"post-2343","1":"product","2":"type-product","3":"status-publish","4":"has-post-thumbnail","6":"product_cat-alimentos","7":"product_cat-avgvstvs-forvm-es","8":"product_cat-vinagre","9":"product_tag-avgvstvs-forvm-es","10":"product_tag-forvm-es","12":"first","13":"instock","14":"shipping-taxable","15":"product-type-simple"},"_links":{"self":[{"href":"https:\/\/domiberica.international\/es\/wp-json\/wp\/v2\/product\/2343","targetHints":{"allow":["GET"]}}],"collection":[{"href":"https:\/\/domiberica.international\/es\/wp-json\/wp\/v2\/product"}],"about":[{"href":"https:\/\/domiberica.international\/es\/wp-json\/wp\/v2\/types\/product"}],"version-history":[{"count":1,"href":"https:\/\/domiberica.international\/es\/wp-json\/wp\/v2\/product\/2343\/revisions"}],"predecessor-version":[{"id":2345,"href":"https:\/\/domiberica.international\/es\/wp-json\/wp\/v2\/product\/2343\/revisions\/2345"}],"wp:featuredmedia":[{"embeddable":true,"href":"https:\/\/domiberica.international\/es\/wp-json\/wp\/v2\/media\/2341"}],"wp:attachment":[{"href":"https:\/\/domiberica.international\/es\/wp-json\/wp\/v2\/media?parent=2343"}],"wp:term":[{"taxonomy":"product_brand","embeddable":true,"href":"https:\/\/domiberica.international\/es\/wp-json\/wp\/v2\/product_brand?post=2343"},{"taxonomy":"product_cat","embeddable":true,"href":"https:\/\/domiberica.international\/es\/wp-json\/wp\/v2\/product_cat?post=2343"},{"taxonomy":"product_tag","embeddable":true,"href":"https:\/\/domiberica.international\/es\/wp-json\/wp\/v2\/product_tag?post=2343"}],"curies":[{"name":"wp","href":"https:\/\/api.w.org\/{rel}","templated":true}]}}