{"id":3308,"date":"2022-08-31T19:35:06","date_gmt":"2022-08-31T19:35:06","guid":{"rendered":"https:\/\/domiberica.international\/product\/jamon-de-bellota-iberico"},"modified":"2022-09-01T20:52:33","modified_gmt":"2022-09-01T20:52:33","slug":"jamon-de-bellota-iberico","status":"publish","type":"product","link":"https:\/\/domiberica.international\/es\/producto\/jamon-de-bellota-iberico","title":{"rendered":"Jam\u00f3n de Bellota Ib\u00e9rico"},"content":{"rendered":"","protected":false},"excerpt":{"rendered":"<p>\u2013 Jam\u00f3n de bellota ib\u00e9rico con una cuidada curaci\u00f3n de m\u00e1s de 24 meses en bodega.<\/p>\n<p>\u2013 Denominaci\u00f3n de origen Guijuelo.<\/p>\n<p>\u2013 Exquisita pieza para gourmets. El sabor del aut\u00e9ntico jam\u00f3n de bellota en su mejor expresi\u00f3n.<\/p>\n","protected":false},"featured_media":3309,"template":"","meta":[],"product_brand":[],"product_cat":[1016,410,1018],"product_tag":[1075,1076],"class_list":{"0":"post-3308","1":"product","2":"type-product","3":"status-publish","4":"has-post-thumbnail","6":"product_cat-7-hermanos-es","7":"product_cat-alimentos","8":"product_cat-carnes","9":"product_tag-7-hermanos-es","10":"product_tag-carnes","12":"first","13":"instock","14":"shipping-taxable","15":"product-type-simple"},"_links":{"self":[{"href":"https:\/\/domiberica.international\/es\/wp-json\/wp\/v2\/product\/3308","targetHints":{"allow":["GET"]}}],"collection":[{"href":"https:\/\/domiberica.international\/es\/wp-json\/wp\/v2\/product"}],"about":[{"href":"https:\/\/domiberica.international\/es\/wp-json\/wp\/v2\/types\/product"}],"version-history":[{"count":1,"href":"https:\/\/domiberica.international\/es\/wp-json\/wp\/v2\/product\/3308\/revisions"}],"predecessor-version":[{"id":3719,"href":"https:\/\/domiberica.international\/es\/wp-json\/wp\/v2\/product\/3308\/revisions\/3719"}],"wp:featuredmedia":[{"embeddable":true,"href":"https:\/\/domiberica.international\/es\/wp-json\/wp\/v2\/media\/3309"}],"wp:attachment":[{"href":"https:\/\/domiberica.international\/es\/wp-json\/wp\/v2\/media?parent=3308"}],"wp:term":[{"taxonomy":"product_brand","embeddable":true,"href":"https:\/\/domiberica.international\/es\/wp-json\/wp\/v2\/product_brand?post=3308"},{"taxonomy":"product_cat","embeddable":true,"href":"https:\/\/domiberica.international\/es\/wp-json\/wp\/v2\/product_cat?post=3308"},{"taxonomy":"product_tag","embeddable":true,"href":"https:\/\/domiberica.international\/es\/wp-json\/wp\/v2\/product_tag?post=3308"}],"curies":[{"name":"wp","href":"https:\/\/api.w.org\/{rel}","templated":true}]}}