{"id":3318,"date":"2022-08-31T20:30:48","date_gmt":"2022-08-31T20:30:48","guid":{"rendered":"https:\/\/domiberica.international\/product\/jamon-curado-en-trozos"},"modified":"2022-09-01T20:48:55","modified_gmt":"2022-09-01T20:48:55","slug":"jamon-curado-en-trozos","status":"publish","type":"product","link":"https:\/\/domiberica.international\/es\/producto\/jamon-curado-en-trozos","title":{"rendered":"Jam\u00f3n curado en trozos"},"content":{"rendered":"","protected":false},"excerpt":{"rendered":"<p>\u2013 Jam\u00f3n seleccionado de cerdo blanco graso,curado en bodega de manera artesanal.<\/p>\n<p>&#8211; Presentaci\u00f3n atractiva y f\u00e1cil de usar. Formato muy c\u00f3modo para lonchear o cortar en tacos en casa.<\/p>\n<p>\u2013 Color p\u00farpura rosado, bien compensado. Buen nivel de grasa infiltrada. Aroma suave y sabor intenso,<\/p>\n","protected":false},"featured_media":3319,"template":"","meta":[],"product_brand":[],"product_cat":[1016,410,1018],"product_tag":[1075,1076],"class_list":{"0":"post-3318","1":"product","2":"type-product","3":"status-publish","4":"has-post-thumbnail","6":"product_cat-7-hermanos-es","7":"product_cat-alimentos","8":"product_cat-carnes","9":"product_tag-7-hermanos-es","10":"product_tag-carnes","12":"first","13":"instock","14":"shipping-taxable","15":"product-type-simple"},"_links":{"self":[{"href":"https:\/\/domiberica.international\/es\/wp-json\/wp\/v2\/product\/3318","targetHints":{"allow":["GET"]}}],"collection":[{"href":"https:\/\/domiberica.international\/es\/wp-json\/wp\/v2\/product"}],"about":[{"href":"https:\/\/domiberica.international\/es\/wp-json\/wp\/v2\/types\/product"}],"version-history":[{"count":1,"href":"https:\/\/domiberica.international\/es\/wp-json\/wp\/v2\/product\/3318\/revisions"}],"predecessor-version":[{"id":3715,"href":"https:\/\/domiberica.international\/es\/wp-json\/wp\/v2\/product\/3318\/revisions\/3715"}],"wp:featuredmedia":[{"embeddable":true,"href":"https:\/\/domiberica.international\/es\/wp-json\/wp\/v2\/media\/3319"}],"wp:attachment":[{"href":"https:\/\/domiberica.international\/es\/wp-json\/wp\/v2\/media?parent=3318"}],"wp:term":[{"taxonomy":"product_brand","embeddable":true,"href":"https:\/\/domiberica.international\/es\/wp-json\/wp\/v2\/product_brand?post=3318"},{"taxonomy":"product_cat","embeddable":true,"href":"https:\/\/domiberica.international\/es\/wp-json\/wp\/v2\/product_cat?post=3318"},{"taxonomy":"product_tag","embeddable":true,"href":"https:\/\/domiberica.international\/es\/wp-json\/wp\/v2\/product_tag?post=3318"}],"curies":[{"name":"wp","href":"https:\/\/api.w.org\/{rel}","templated":true}]}}