{"id":3320,"date":"2022-08-31T20:43:45","date_gmt":"2022-08-31T20:43:45","guid":{"rendered":"https:\/\/domiberica.international\/product\/jamon-serrano-gran-reserva"},"modified":"2022-09-01T22:23:21","modified_gmt":"2022-09-01T22:23:21","slug":"jamon-serrano-gran-reserva","status":"publish","type":"product","link":"https:\/\/domiberica.international\/es\/producto\/jamon-serrano-gran-reserva","title":{"rendered":"Jam\u00f3n Serrano Gran Reserva"},"content":{"rendered":"","protected":false},"excerpt":{"rendered":"<p>\u2013 Jam\u00f3n Serrano de cerdo blanco graso, con m\u00e1s de 15 meses de curaci\u00f3n en bodega.<\/p>\n<p>\u2013 Premio Gran Selecci\u00f3n al mejor Jam\u00f3n Serrano de Castilla-La Mancha 2012.<\/p>\n<p>\u2013 Color p\u00farpura rosado, aroma suave y sabor intenso, bien compensado. Excelente nivel de grasa marmoleada. Adecuado nivel de grasa perif\u00e9rica.<\/p>\n","protected":false},"featured_media":3321,"template":"","meta":[],"product_brand":[],"product_cat":[1016,410,1018],"product_tag":[1075,1076],"class_list":{"0":"post-3320","1":"product","2":"type-product","3":"status-publish","4":"has-post-thumbnail","6":"product_cat-7-hermanos-es","7":"product_cat-alimentos","8":"product_cat-carnes","9":"product_tag-7-hermanos-es","10":"product_tag-carnes","12":"first","13":"instock","14":"shipping-taxable","15":"product-type-simple"},"_links":{"self":[{"href":"https:\/\/domiberica.international\/es\/wp-json\/wp\/v2\/product\/3320","targetHints":{"allow":["GET"]}}],"collection":[{"href":"https:\/\/domiberica.international\/es\/wp-json\/wp\/v2\/product"}],"about":[{"href":"https:\/\/domiberica.international\/es\/wp-json\/wp\/v2\/types\/product"}],"version-history":[{"count":1,"href":"https:\/\/domiberica.international\/es\/wp-json\/wp\/v2\/product\/3320\/revisions"}],"predecessor-version":[{"id":3323,"href":"https:\/\/domiberica.international\/es\/wp-json\/wp\/v2\/product\/3320\/revisions\/3323"}],"wp:featuredmedia":[{"embeddable":true,"href":"https:\/\/domiberica.international\/es\/wp-json\/wp\/v2\/media\/3321"}],"wp:attachment":[{"href":"https:\/\/domiberica.international\/es\/wp-json\/wp\/v2\/media?parent=3320"}],"wp:term":[{"taxonomy":"product_brand","embeddable":true,"href":"https:\/\/domiberica.international\/es\/wp-json\/wp\/v2\/product_brand?post=3320"},{"taxonomy":"product_cat","embeddable":true,"href":"https:\/\/domiberica.international\/es\/wp-json\/wp\/v2\/product_cat?post=3320"},{"taxonomy":"product_tag","embeddable":true,"href":"https:\/\/domiberica.international\/es\/wp-json\/wp\/v2\/product_tag?post=3320"}],"curies":[{"name":"wp","href":"https:\/\/api.w.org\/{rel}","templated":true}]}}