{"id":3324,"date":"2022-08-31T21:35:55","date_gmt":"2022-08-31T21:35:55","guid":{"rendered":"https:\/\/domiberica.international\/product\/jamon-serrano-gran-reserva-deshuesado-sin-piel"},"modified":"2022-09-01T22:13:18","modified_gmt":"2022-09-01T22:13:18","slug":"jamon-serrano-gran-reserva-deshuesado-sin-piel","status":"publish","type":"product","link":"https:\/\/domiberica.international\/es\/producto\/jamon-serrano-gran-reserva-deshuesado-sin-piel","title":{"rendered":"Jam\u00f3n Serrano Gran Reserva deshuesado sin piel"},"content":{"rendered":"","protected":false},"excerpt":{"rendered":"<p>\u2013 Jam\u00f3n Serrano de cerdo blanco graso, con m\u00e1s de 15 meses de curaci\u00f3n en bodega.<\/p>\n<p>\u2013 Premio Gran Selecci\u00f3n al mejor Jam\u00f3n Serrano de Castilla-La Mancha 2012.<\/p>\n<p>\u2013 Color p\u00farpura rosado, aroma suave y sabor intenso, bien compensado. Buen nivel de grasa infiltrada. Excelente nivel de grasa marmoleada. Adecuado nivel de grasa perif\u00e9rica.<\/p>\n","protected":false},"featured_media":3325,"template":"","meta":[],"product_brand":[],"product_cat":[1016,410,1018],"product_tag":[1075,1076],"class_list":{"0":"post-3324","1":"product","2":"type-product","3":"status-publish","4":"has-post-thumbnail","6":"product_cat-7-hermanos-es","7":"product_cat-alimentos","8":"product_cat-carnes","9":"product_tag-7-hermanos-es","10":"product_tag-carnes","12":"first","13":"instock","14":"shipping-taxable","15":"product-type-simple"},"_links":{"self":[{"href":"https:\/\/domiberica.international\/es\/wp-json\/wp\/v2\/product\/3324","targetHints":{"allow":["GET"]}}],"collection":[{"href":"https:\/\/domiberica.international\/es\/wp-json\/wp\/v2\/product"}],"about":[{"href":"https:\/\/domiberica.international\/es\/wp-json\/wp\/v2\/types\/product"}],"version-history":[{"count":2,"href":"https:\/\/domiberica.international\/es\/wp-json\/wp\/v2\/product\/3324\/revisions"}],"predecessor-version":[{"id":3738,"href":"https:\/\/domiberica.international\/es\/wp-json\/wp\/v2\/product\/3324\/revisions\/3738"}],"wp:featuredmedia":[{"embeddable":true,"href":"https:\/\/domiberica.international\/es\/wp-json\/wp\/v2\/media\/3325"}],"wp:attachment":[{"href":"https:\/\/domiberica.international\/es\/wp-json\/wp\/v2\/media?parent=3324"}],"wp:term":[{"taxonomy":"product_brand","embeddable":true,"href":"https:\/\/domiberica.international\/es\/wp-json\/wp\/v2\/product_brand?post=3324"},{"taxonomy":"product_cat","embeddable":true,"href":"https:\/\/domiberica.international\/es\/wp-json\/wp\/v2\/product_cat?post=3324"},{"taxonomy":"product_tag","embeddable":true,"href":"https:\/\/domiberica.international\/es\/wp-json\/wp\/v2\/product_tag?post=3324"}],"curies":[{"name":"wp","href":"https:\/\/api.w.org\/{rel}","templated":true}]}}