{"id":3326,"date":"2022-08-31T21:33:42","date_gmt":"2022-08-31T21:33:42","guid":{"rendered":"https:\/\/domiberica.international\/product\/jamon-de-cebo-iberico-deshuesado-pulido-50-raza-iberica"},"modified":"2022-09-01T20:57:16","modified_gmt":"2022-09-01T20:57:16","slug":"jamon-de-cebo-iberico-deshuesado-pulido-50-raza-iberica","status":"publish","type":"product","link":"https:\/\/domiberica.international\/es\/producto\/jamon-de-cebo-iberico-deshuesado-pulido-50-raza-iberica","title":{"rendered":"Jam\u00f3n de Cebo Ib\u00e9rico deshuesado pulido \u2013 50% raza Ib\u00e9rica"},"content":{"rendered":"","protected":false},"excerpt":{"rendered":"<p>\u2013 Jam\u00f3n de cebo Ib\u00e9rico, con una cuidada curaci\u00f3n de m\u00e1s de 24 meses en bodega.<\/p>\n<p>\u2013 Pata alargada, pezu\u00f1a negra y hueso fino.<\/p>\n<p>\u2013 Deliciosa carne jugosa de color rojo intenso, aroma penetrante y sabor rico en matices. Aroma suave y sabor intenso.<\/p>\n","protected":false},"featured_media":3327,"template":"","meta":[],"product_brand":[],"product_cat":[1016,410,1018],"product_tag":[1075,1076],"class_list":{"0":"post-3326","1":"product","2":"type-product","3":"status-publish","4":"has-post-thumbnail","6":"product_cat-7-hermanos-es","7":"product_cat-alimentos","8":"product_cat-carnes","9":"product_tag-7-hermanos-es","10":"product_tag-carnes","12":"first","13":"instock","14":"shipping-taxable","15":"product-type-simple"},"_links":{"self":[{"href":"https:\/\/domiberica.international\/es\/wp-json\/wp\/v2\/product\/3326","targetHints":{"allow":["GET"]}}],"collection":[{"href":"https:\/\/domiberica.international\/es\/wp-json\/wp\/v2\/product"}],"about":[{"href":"https:\/\/domiberica.international\/es\/wp-json\/wp\/v2\/types\/product"}],"version-history":[{"count":3,"href":"https:\/\/domiberica.international\/es\/wp-json\/wp\/v2\/product\/3326\/revisions"}],"predecessor-version":[{"id":3723,"href":"https:\/\/domiberica.international\/es\/wp-json\/wp\/v2\/product\/3326\/revisions\/3723"}],"wp:featuredmedia":[{"embeddable":true,"href":"https:\/\/domiberica.international\/es\/wp-json\/wp\/v2\/media\/3327"}],"wp:attachment":[{"href":"https:\/\/domiberica.international\/es\/wp-json\/wp\/v2\/media?parent=3326"}],"wp:term":[{"taxonomy":"product_brand","embeddable":true,"href":"https:\/\/domiberica.international\/es\/wp-json\/wp\/v2\/product_brand?post=3326"},{"taxonomy":"product_cat","embeddable":true,"href":"https:\/\/domiberica.international\/es\/wp-json\/wp\/v2\/product_cat?post=3326"},{"taxonomy":"product_tag","embeddable":true,"href":"https:\/\/domiberica.international\/es\/wp-json\/wp\/v2\/product_tag?post=3326"}],"curies":[{"name":"wp","href":"https:\/\/api.w.org\/{rel}","templated":true}]}}