{"id":3342,"date":"2022-08-31T20:48:55","date_gmt":"2022-08-31T20:48:55","guid":{"rendered":"https:\/\/domiberica.international\/product\/mini-jamon-de-cebo-iberico-50-raza-iberica"},"modified":"2022-09-01T22:18:23","modified_gmt":"2022-09-01T22:18:23","slug":"mini-jamon-de-cebo-iberico-50-raza-iberica","status":"publish","type":"product","link":"https:\/\/domiberica.international\/es\/producto\/mini-jamon-de-cebo-iberico-50-raza-iberica","title":{"rendered":"Mini jam\u00f3n de cebo Ib\u00e9rico \u2013 50% Raza ib\u00e9rica"},"content":{"rendered":"","protected":false},"excerpt":{"rendered":"<p>\u2013 Deliciosa carne jugosa de color rojo intenso, aroma penetrante y sabor rico en matices. Aroma suave y sabor intenso.<\/p>\n<p>&#8211; Presentaci\u00f3n atractiva y f\u00e1cil de usar. Formato muy c\u00f3modo para lonchear o cortar en tacos en casa.<\/p>\n","protected":false},"featured_media":3343,"template":"","meta":[],"product_brand":[],"product_cat":[1016,410,1018],"product_tag":[1075,1076],"class_list":{"0":"post-3342","1":"product","2":"type-product","3":"status-publish","4":"has-post-thumbnail","6":"product_cat-7-hermanos-es","7":"product_cat-alimentos","8":"product_cat-carnes","9":"product_tag-7-hermanos-es","10":"product_tag-carnes","12":"first","13":"instock","14":"shipping-taxable","15":"product-type-simple"},"_links":{"self":[{"href":"https:\/\/domiberica.international\/es\/wp-json\/wp\/v2\/product\/3342","targetHints":{"allow":["GET"]}}],"collection":[{"href":"https:\/\/domiberica.international\/es\/wp-json\/wp\/v2\/product"}],"about":[{"href":"https:\/\/domiberica.international\/es\/wp-json\/wp\/v2\/types\/product"}],"version-history":[{"count":2,"href":"https:\/\/domiberica.international\/es\/wp-json\/wp\/v2\/product\/3342\/revisions"}],"predecessor-version":[{"id":3740,"href":"https:\/\/domiberica.international\/es\/wp-json\/wp\/v2\/product\/3342\/revisions\/3740"}],"wp:featuredmedia":[{"embeddable":true,"href":"https:\/\/domiberica.international\/es\/wp-json\/wp\/v2\/media\/3343"}],"wp:attachment":[{"href":"https:\/\/domiberica.international\/es\/wp-json\/wp\/v2\/media?parent=3342"}],"wp:term":[{"taxonomy":"product_brand","embeddable":true,"href":"https:\/\/domiberica.international\/es\/wp-json\/wp\/v2\/product_brand?post=3342"},{"taxonomy":"product_cat","embeddable":true,"href":"https:\/\/domiberica.international\/es\/wp-json\/wp\/v2\/product_cat?post=3342"},{"taxonomy":"product_tag","embeddable":true,"href":"https:\/\/domiberica.international\/es\/wp-json\/wp\/v2\/product_tag?post=3342"}],"curies":[{"name":"wp","href":"https:\/\/api.w.org\/{rel}","templated":true}]}}