{"id":3344,"date":"2022-08-31T20:47:13","date_gmt":"2022-08-31T20:47:13","guid":{"rendered":"https:\/\/domiberica.international\/product\/ptit-jam"},"modified":"2022-08-31T20:47:13","modified_gmt":"2022-08-31T20:47:13","slug":"ptit-jam-2","status":"publish","type":"product","link":"https:\/\/domiberica.international\/es\/producto\/ptit-jam-2","title":{"rendered":"Ptit Jam"},"content":{"rendered":"","protected":false},"excerpt":{"rendered":"<p>\u2013 Jam\u00f3n seleccionado de cerdo blanco graso, curado en bodega de manera artesanal.<\/p>\n<p>&#8211; Presentaci\u00f3n atractiva y f\u00e1cil de usar. Formato muy c\u00f3modo para lonchear o cortar en tacos en casa.<\/p>\n<p>\u2013 Color p\u00farpura rosado, bien compensado. Buen nivel de grasa infiltrada. &#8211; Aroma suave y sabor intenso,<\/p>\n","protected":false},"featured_media":3345,"template":"","meta":[],"product_brand":[],"product_cat":[1016,410,1018],"product_tag":[1075,1076],"class_list":{"0":"post-3344","1":"product","2":"type-product","3":"status-publish","4":"has-post-thumbnail","6":"product_cat-7-hermanos-es","7":"product_cat-alimentos","8":"product_cat-carnes","9":"product_tag-7-hermanos-es","10":"product_tag-carnes","12":"first","13":"instock","14":"shipping-taxable","15":"product-type-simple"},"_links":{"self":[{"href":"https:\/\/domiberica.international\/es\/wp-json\/wp\/v2\/product\/3344","targetHints":{"allow":["GET"]}}],"collection":[{"href":"https:\/\/domiberica.international\/es\/wp-json\/wp\/v2\/product"}],"about":[{"href":"https:\/\/domiberica.international\/es\/wp-json\/wp\/v2\/types\/product"}],"version-history":[{"count":0,"href":"https:\/\/domiberica.international\/es\/wp-json\/wp\/v2\/product\/3344\/revisions"}],"wp:featuredmedia":[{"embeddable":true,"href":"https:\/\/domiberica.international\/es\/wp-json\/wp\/v2\/media\/3345"}],"wp:attachment":[{"href":"https:\/\/domiberica.international\/es\/wp-json\/wp\/v2\/media?parent=3344"}],"wp:term":[{"taxonomy":"product_brand","embeddable":true,"href":"https:\/\/domiberica.international\/es\/wp-json\/wp\/v2\/product_brand?post=3344"},{"taxonomy":"product_cat","embeddable":true,"href":"https:\/\/domiberica.international\/es\/wp-json\/wp\/v2\/product_cat?post=3344"},{"taxonomy":"product_tag","embeddable":true,"href":"https:\/\/domiberica.international\/es\/wp-json\/wp\/v2\/product_tag?post=3344"}],"curies":[{"name":"wp","href":"https:\/\/api.w.org\/{rel}","templated":true}]}}