{"id":3574,"date":"2022-09-01T15:48:55","date_gmt":"2022-09-01T15:48:55","guid":{"rendered":"https:\/\/domiberica.international\/product\/mortadela-con-aceitunas"},"modified":"2022-09-01T22:48:16","modified_gmt":"2022-09-01T22:48:16","slug":"mortadella-con-aceitunas","status":"publish","type":"product","link":"https:\/\/domiberica.international\/es\/producto\/mortadella-con-aceitunas","title":{"rendered":"Mortadela con aceitunas"},"content":{"rendered":"","protected":false},"excerpt":{"rendered":"<p>Carne de cerdo seleccionada, finamente picada, condimentada con especias naturales, mezclada con aceitunas y cocida.<\/p>\n<p>\u2013 Sin gluten y sin derivados de la leche.<\/p>\n<p>\u2013 Una exquisita mezcla de sabores mediterr\u00e1neos para consumir en lonchas finas. Excelente opci\u00f3n para paninis y s\u00e1ndwiches.<\/p>\n","protected":false},"featured_media":3575,"template":"","meta":[],"product_brand":[],"product_cat":[1016,410,1018],"product_tag":[1075,1076],"class_list":{"0":"post-3574","1":"product","2":"type-product","3":"status-publish","4":"has-post-thumbnail","6":"product_cat-7-hermanos-es","7":"product_cat-alimentos","8":"product_cat-carnes","9":"product_tag-7-hermanos-es","10":"product_tag-carnes","12":"first","13":"instock","14":"shipping-taxable","15":"product-type-simple"},"_links":{"self":[{"href":"https:\/\/domiberica.international\/es\/wp-json\/wp\/v2\/product\/3574","targetHints":{"allow":["GET"]}}],"collection":[{"href":"https:\/\/domiberica.international\/es\/wp-json\/wp\/v2\/product"}],"about":[{"href":"https:\/\/domiberica.international\/es\/wp-json\/wp\/v2\/types\/product"}],"version-history":[{"count":1,"href":"https:\/\/domiberica.international\/es\/wp-json\/wp\/v2\/product\/3574\/revisions"}],"predecessor-version":[{"id":3743,"href":"https:\/\/domiberica.international\/es\/wp-json\/wp\/v2\/product\/3574\/revisions\/3743"}],"wp:featuredmedia":[{"embeddable":true,"href":"https:\/\/domiberica.international\/es\/wp-json\/wp\/v2\/media\/3575"}],"wp:attachment":[{"href":"https:\/\/domiberica.international\/es\/wp-json\/wp\/v2\/media?parent=3574"}],"wp:term":[{"taxonomy":"product_brand","embeddable":true,"href":"https:\/\/domiberica.international\/es\/wp-json\/wp\/v2\/product_brand?post=3574"},{"taxonomy":"product_cat","embeddable":true,"href":"https:\/\/domiberica.international\/es\/wp-json\/wp\/v2\/product_cat?post=3574"},{"taxonomy":"product_tag","embeddable":true,"href":"https:\/\/domiberica.international\/es\/wp-json\/wp\/v2\/product_tag?post=3574"}],"curies":[{"name":"wp","href":"https:\/\/api.w.org\/{rel}","templated":true}]}}