{"id":3587,"date":"2022-09-01T15:56:51","date_gmt":"2022-09-01T15:56:51","guid":{"rendered":"https:\/\/domiberica.international\/product\/cabeza-de-cerdo"},"modified":"2022-09-01T15:56:51","modified_gmt":"2022-09-01T15:56:51","slug":"cabeza-de-cerdo","status":"publish","type":"product","link":"https:\/\/domiberica.international\/es\/producto\/cabeza-de-cerdo","title":{"rendered":"Cabeza de Cerdo"},"content":{"rendered":"","protected":false},"excerpt":{"rendered":"<p>\u2013 Carnes seleccionadas de magro y de morro de cerdo, cocidas y posteriormente fritas.<\/p>\n<p>\u2013 Producto t\u00edpico espa\u00f1ol, preparado con las m\u00e1s selectas especias naturales seg\u00fan la receta artesanal.<\/p>\n<p>\u2013 Sabor intenso, aroma acanelado. Textura fresca y cartilaginosa.<\/p>\n","protected":false},"featured_media":3588,"template":"","meta":[],"product_brand":[],"product_cat":[1016,410,1018],"product_tag":[1075,1076],"class_list":{"0":"post-3587","1":"product","2":"type-product","3":"status-publish","4":"has-post-thumbnail","6":"product_cat-7-hermanos-es","7":"product_cat-alimentos","8":"product_cat-carnes","9":"product_tag-7-hermanos-es","10":"product_tag-carnes","12":"first","13":"instock","14":"shipping-taxable","15":"product-type-simple"},"_links":{"self":[{"href":"https:\/\/domiberica.international\/es\/wp-json\/wp\/v2\/product\/3587","targetHints":{"allow":["GET"]}}],"collection":[{"href":"https:\/\/domiberica.international\/es\/wp-json\/wp\/v2\/product"}],"about":[{"href":"https:\/\/domiberica.international\/es\/wp-json\/wp\/v2\/types\/product"}],"version-history":[{"count":0,"href":"https:\/\/domiberica.international\/es\/wp-json\/wp\/v2\/product\/3587\/revisions"}],"wp:featuredmedia":[{"embeddable":true,"href":"https:\/\/domiberica.international\/es\/wp-json\/wp\/v2\/media\/3588"}],"wp:attachment":[{"href":"https:\/\/domiberica.international\/es\/wp-json\/wp\/v2\/media?parent=3587"}],"wp:term":[{"taxonomy":"product_brand","embeddable":true,"href":"https:\/\/domiberica.international\/es\/wp-json\/wp\/v2\/product_brand?post=3587"},{"taxonomy":"product_cat","embeddable":true,"href":"https:\/\/domiberica.international\/es\/wp-json\/wp\/v2\/product_cat?post=3587"},{"taxonomy":"product_tag","embeddable":true,"href":"https:\/\/domiberica.international\/es\/wp-json\/wp\/v2\/product_tag?post=3587"}],"curies":[{"name":"wp","href":"https:\/\/api.w.org\/{rel}","templated":true}]}}