{"id":3597,"date":"2022-09-01T16:13:51","date_gmt":"2022-09-01T16:13:51","guid":{"rendered":"https:\/\/domiberica.international\/product\/chorizo-iberico-extra"},"modified":"2022-09-01T16:13:51","modified_gmt":"2022-09-01T16:13:51","slug":"chorizo-iberico-extra","status":"publish","type":"product","link":"https:\/\/domiberica.international\/es\/producto\/chorizo-iberico-extra","title":{"rendered":"Chorizo Ib\u00e9rico extra"},"content":{"rendered":"","protected":false},"excerpt":{"rendered":"<p>\u2013 Carne de magros de cerdo ib\u00e9rico picada, mezclada con tocino ib\u00e9rico y especias seleccionadas y curada en tripa natural.<\/p>\n<p>\u2013 Sin gluten, sin derivados de la leche y sin derivados de la soja.<\/p>\n<p>\u2013 Exquisito sabor de cerdo ib\u00e9rico, color p\u00farpura y textura huntosa. Sabor fuerte a piment\u00f3n, aroma picante, bonito color rojo y textura jugosa.<\/p>\n","protected":false},"featured_media":3598,"template":"","meta":[],"product_brand":[],"product_cat":[1016,410,1018],"product_tag":[1075,1076],"class_list":{"0":"post-3597","1":"product","2":"type-product","3":"status-publish","4":"has-post-thumbnail","6":"product_cat-7-hermanos-es","7":"product_cat-alimentos","8":"product_cat-carnes","9":"product_tag-7-hermanos-es","10":"product_tag-carnes","12":"first","13":"instock","14":"shipping-taxable","15":"product-type-simple"},"_links":{"self":[{"href":"https:\/\/domiberica.international\/es\/wp-json\/wp\/v2\/product\/3597","targetHints":{"allow":["GET"]}}],"collection":[{"href":"https:\/\/domiberica.international\/es\/wp-json\/wp\/v2\/product"}],"about":[{"href":"https:\/\/domiberica.international\/es\/wp-json\/wp\/v2\/types\/product"}],"version-history":[{"count":0,"href":"https:\/\/domiberica.international\/es\/wp-json\/wp\/v2\/product\/3597\/revisions"}],"wp:featuredmedia":[{"embeddable":true,"href":"https:\/\/domiberica.international\/es\/wp-json\/wp\/v2\/media\/3598"}],"wp:attachment":[{"href":"https:\/\/domiberica.international\/es\/wp-json\/wp\/v2\/media?parent=3597"}],"wp:term":[{"taxonomy":"product_brand","embeddable":true,"href":"https:\/\/domiberica.international\/es\/wp-json\/wp\/v2\/product_brand?post=3597"},{"taxonomy":"product_cat","embeddable":true,"href":"https:\/\/domiberica.international\/es\/wp-json\/wp\/v2\/product_cat?post=3597"},{"taxonomy":"product_tag","embeddable":true,"href":"https:\/\/domiberica.international\/es\/wp-json\/wp\/v2\/product_tag?post=3597"}],"curies":[{"name":"wp","href":"https:\/\/api.w.org\/{rel}","templated":true}]}}