{"id":3625,"date":"2022-09-01T16:43:21","date_gmt":"2022-09-01T16:43:21","guid":{"rendered":"https:\/\/domiberica.international\/product\/paleta-iberica-asada"},"modified":"2022-09-01T23:49:48","modified_gmt":"2022-09-01T23:49:48","slug":"paleta-iberica-asada","status":"publish","type":"product","link":"https:\/\/domiberica.international\/es\/producto\/paleta-iberica-asada","title":{"rendered":"Paleta Ib\u00e9rica Asada"},"content":{"rendered":"","protected":false},"excerpt":{"rendered":"<p>\u2013 Paleta de cerdo ib\u00e9rico asada y ahumada con humo natural.<\/p>\n<p>\u2013 Sin gluten, sin derivados de la leche y sin derivados de la soja.<\/p>\n<p>&#8211; Procedente de cerdos ib\u00e9ricos de primera calidad. Producto para gourmets: Exquisita combinaci\u00f3n de sabores de ib\u00e9rico y toqes de ahumado.<\/p>\n","protected":false},"featured_media":3626,"template":"","meta":[],"product_brand":[],"product_cat":[1016,410,1018],"product_tag":[1075,1076],"class_list":{"0":"post-3625","1":"product","2":"type-product","3":"status-publish","4":"has-post-thumbnail","6":"product_cat-7-hermanos-es","7":"product_cat-alimentos","8":"product_cat-carnes","9":"product_tag-7-hermanos-es","10":"product_tag-carnes","12":"first","13":"instock","14":"shipping-taxable","15":"product-type-simple"},"_links":{"self":[{"href":"https:\/\/domiberica.international\/es\/wp-json\/wp\/v2\/product\/3625","targetHints":{"allow":["GET"]}}],"collection":[{"href":"https:\/\/domiberica.international\/es\/wp-json\/wp\/v2\/product"}],"about":[{"href":"https:\/\/domiberica.international\/es\/wp-json\/wp\/v2\/types\/product"}],"version-history":[{"count":2,"href":"https:\/\/domiberica.international\/es\/wp-json\/wp\/v2\/product\/3625\/revisions"}],"predecessor-version":[{"id":3747,"href":"https:\/\/domiberica.international\/es\/wp-json\/wp\/v2\/product\/3625\/revisions\/3747"}],"wp:featuredmedia":[{"embeddable":true,"href":"https:\/\/domiberica.international\/es\/wp-json\/wp\/v2\/media\/3626"}],"wp:attachment":[{"href":"https:\/\/domiberica.international\/es\/wp-json\/wp\/v2\/media?parent=3625"}],"wp:term":[{"taxonomy":"product_brand","embeddable":true,"href":"https:\/\/domiberica.international\/es\/wp-json\/wp\/v2\/product_brand?post=3625"},{"taxonomy":"product_cat","embeddable":true,"href":"https:\/\/domiberica.international\/es\/wp-json\/wp\/v2\/product_cat?post=3625"},{"taxonomy":"product_tag","embeddable":true,"href":"https:\/\/domiberica.international\/es\/wp-json\/wp\/v2\/product_tag?post=3625"}],"curies":[{"name":"wp","href":"https:\/\/api.w.org\/{rel}","templated":true}]}}