{"id":3680,"date":"2022-09-01T18:04:46","date_gmt":"2022-09-01T18:04:46","guid":{"rendered":"https:\/\/domiberica.international\/product\/loncheado-chicharron-iberico-100-gr"},"modified":"2022-09-01T18:04:46","modified_gmt":"2022-09-01T18:04:46","slug":"loncheado-chicharron-iberico-100-gr","status":"publish","type":"product","link":"https:\/\/domiberica.international\/es\/producto\/loncheado-chicharron-iberico-100-gr","title":{"rendered":"Loncheado Chicharr\u00f3n Ib\u00e9rico 100 gr"},"content":{"rendered":"","protected":false},"excerpt":{"rendered":"<p>\u2013 Carnes seleccionadas de magro y de careta de cerdo ib\u00e9rico, cocidas y posteriormente fritas.<\/p>\n<p>\u2013 Producto t\u00edpico espa\u00f1ol, preparado con las m\u00e1s selectas especias naturales seg\u00fan la receta artesanal.<\/p>\n<p>&#8211; Sabor intenso con toques de canela. Textura fresca y cartilaginosa.<\/p>\n","protected":false},"featured_media":3681,"template":"","meta":[],"product_brand":[],"product_cat":[1016,410,1018],"product_tag":[1075,1076],"class_list":{"0":"post-3680","1":"product","2":"type-product","3":"status-publish","4":"has-post-thumbnail","6":"product_cat-7-hermanos-es","7":"product_cat-alimentos","8":"product_cat-carnes","9":"product_tag-7-hermanos-es","10":"product_tag-carnes","12":"first","13":"instock","14":"shipping-taxable","15":"product-type-simple"},"_links":{"self":[{"href":"https:\/\/domiberica.international\/es\/wp-json\/wp\/v2\/product\/3680","targetHints":{"allow":["GET"]}}],"collection":[{"href":"https:\/\/domiberica.international\/es\/wp-json\/wp\/v2\/product"}],"about":[{"href":"https:\/\/domiberica.international\/es\/wp-json\/wp\/v2\/types\/product"}],"version-history":[{"count":0,"href":"https:\/\/domiberica.international\/es\/wp-json\/wp\/v2\/product\/3680\/revisions"}],"wp:featuredmedia":[{"embeddable":true,"href":"https:\/\/domiberica.international\/es\/wp-json\/wp\/v2\/media\/3681"}],"wp:attachment":[{"href":"https:\/\/domiberica.international\/es\/wp-json\/wp\/v2\/media?parent=3680"}],"wp:term":[{"taxonomy":"product_brand","embeddable":true,"href":"https:\/\/domiberica.international\/es\/wp-json\/wp\/v2\/product_brand?post=3680"},{"taxonomy":"product_cat","embeddable":true,"href":"https:\/\/domiberica.international\/es\/wp-json\/wp\/v2\/product_cat?post=3680"},{"taxonomy":"product_tag","embeddable":true,"href":"https:\/\/domiberica.international\/es\/wp-json\/wp\/v2\/product_tag?post=3680"}],"curies":[{"name":"wp","href":"https:\/\/api.w.org\/{rel}","templated":true}]}}