{"id":3682,"date":"2022-09-01T18:06:46","date_gmt":"2022-09-01T18:06:46","guid":{"rendered":"https:\/\/domiberica.international\/product\/loncheado-jamon-cocido-extra-100-gr"},"modified":"2022-09-01T18:06:46","modified_gmt":"2022-09-01T18:06:46","slug":"loncheado-jamon-cocido-extra-100-gr","status":"publish","type":"product","link":"https:\/\/domiberica.international\/es\/producto\/loncheado-jamon-cocido-extra-100-gr","title":{"rendered":"Loncheado Jam\u00f3n Cocido Extra 100 gr"},"content":{"rendered":"","protected":false},"excerpt":{"rendered":"<p>\u2013 Loncheado de jam\u00f3n cocido.<\/p>\n<p>\u2013 Sin gluten, sin derivados de la leche y sin derivados de la soja.<\/p>\n<p>\u2013 Jam\u00f3n de la calidad superior. Sabor suave, textura y jugosidad \u00fanicas del genuino jam\u00f3n artesanal.<\/p>\n","protected":false},"featured_media":3683,"template":"","meta":[],"product_brand":[],"product_cat":[1016,410,1018],"product_tag":[1075,1076],"class_list":{"0":"post-3682","1":"product","2":"type-product","3":"status-publish","4":"has-post-thumbnail","6":"product_cat-7-hermanos-es","7":"product_cat-alimentos","8":"product_cat-carnes","9":"product_tag-7-hermanos-es","10":"product_tag-carnes","12":"first","13":"instock","14":"shipping-taxable","15":"product-type-simple"},"_links":{"self":[{"href":"https:\/\/domiberica.international\/es\/wp-json\/wp\/v2\/product\/3682","targetHints":{"allow":["GET"]}}],"collection":[{"href":"https:\/\/domiberica.international\/es\/wp-json\/wp\/v2\/product"}],"about":[{"href":"https:\/\/domiberica.international\/es\/wp-json\/wp\/v2\/types\/product"}],"version-history":[{"count":0,"href":"https:\/\/domiberica.international\/es\/wp-json\/wp\/v2\/product\/3682\/revisions"}],"wp:featuredmedia":[{"embeddable":true,"href":"https:\/\/domiberica.international\/es\/wp-json\/wp\/v2\/media\/3683"}],"wp:attachment":[{"href":"https:\/\/domiberica.international\/es\/wp-json\/wp\/v2\/media?parent=3682"}],"wp:term":[{"taxonomy":"product_brand","embeddable":true,"href":"https:\/\/domiberica.international\/es\/wp-json\/wp\/v2\/product_brand?post=3682"},{"taxonomy":"product_cat","embeddable":true,"href":"https:\/\/domiberica.international\/es\/wp-json\/wp\/v2\/product_cat?post=3682"},{"taxonomy":"product_tag","embeddable":true,"href":"https:\/\/domiberica.international\/es\/wp-json\/wp\/v2\/product_tag?post=3682"}],"curies":[{"name":"wp","href":"https:\/\/api.w.org\/{rel}","templated":true}]}}