{"id":3692,"date":"2022-09-01T18:12:55","date_gmt":"2022-09-01T18:12:55","guid":{"rendered":"https:\/\/domiberica.international\/product\/loncheado-roulada-de-pollo-100-gr"},"modified":"2022-09-01T20:25:30","modified_gmt":"2022-09-01T20:25:30","slug":"loncheado-roulada-de-pollo-100-gr","status":"publish","type":"product","link":"https:\/\/domiberica.international\/es\/producto\/loncheado-roulada-de-pollo-100-gr","title":{"rendered":"Loncheado Roulada de pollo 100 gr"},"content":{"rendered":"","protected":false},"excerpt":{"rendered":"<p>\u2013 Loncheado de producto c\u00e1rnico elaborado con carne de pollo, pavo y cerdo. Embutido al vac\u00edo y sometido a un tratamiento de pasterizaci\u00f3n y despu\u00e9s loncheado.<\/p>\n<p>\u2013 Sin gluten y sin derivados de la soja.<\/p>\n<p>\u2013 Asombrosa y deliciosa mezcla de carnes seleccionadas sabrosas para consumir en lonchas finas.<\/p>\n","protected":false},"featured_media":3693,"template":"","meta":[],"product_brand":[],"product_cat":[1016,410,1018],"product_tag":[1075,1076],"class_list":{"0":"post-3692","1":"product","2":"type-product","3":"status-publish","4":"has-post-thumbnail","6":"product_cat-7-hermanos-es","7":"product_cat-alimentos","8":"product_cat-carnes","9":"product_tag-7-hermanos-es","10":"product_tag-carnes","12":"first","13":"instock","14":"shipping-taxable","15":"product-type-simple"},"_links":{"self":[{"href":"https:\/\/domiberica.international\/es\/wp-json\/wp\/v2\/product\/3692","targetHints":{"allow":["GET"]}}],"collection":[{"href":"https:\/\/domiberica.international\/es\/wp-json\/wp\/v2\/product"}],"about":[{"href":"https:\/\/domiberica.international\/es\/wp-json\/wp\/v2\/types\/product"}],"version-history":[{"count":1,"href":"https:\/\/domiberica.international\/es\/wp-json\/wp\/v2\/product\/3692\/revisions"}],"predecessor-version":[{"id":3694,"href":"https:\/\/domiberica.international\/es\/wp-json\/wp\/v2\/product\/3692\/revisions\/3694"}],"wp:featuredmedia":[{"embeddable":true,"href":"https:\/\/domiberica.international\/es\/wp-json\/wp\/v2\/media\/3693"}],"wp:attachment":[{"href":"https:\/\/domiberica.international\/es\/wp-json\/wp\/v2\/media?parent=3692"}],"wp:term":[{"taxonomy":"product_brand","embeddable":true,"href":"https:\/\/domiberica.international\/es\/wp-json\/wp\/v2\/product_brand?post=3692"},{"taxonomy":"product_cat","embeddable":true,"href":"https:\/\/domiberica.international\/es\/wp-json\/wp\/v2\/product_cat?post=3692"},{"taxonomy":"product_tag","embeddable":true,"href":"https:\/\/domiberica.international\/es\/wp-json\/wp\/v2\/product_tag?post=3692"}],"curies":[{"name":"wp","href":"https:\/\/api.w.org\/{rel}","templated":true}]}}