{"id":3699,"date":"2022-09-01T18:20:42","date_gmt":"2022-09-01T18:20:42","guid":{"rendered":"https:\/\/domiberica.international\/product\/loncheado-jamon-de-cebo-iberico-50-raza-iberica-100-gr"},"modified":"2022-09-02T00:53:30","modified_gmt":"2022-09-02T00:53:30","slug":"loncheado-jamon-de-cebo-iberico-50-raza-iberica-100-gr","status":"publish","type":"product","link":"https:\/\/domiberica.international\/es\/producto\/loncheado-jamon-de-cebo-iberico-50-raza-iberica-100-gr","title":{"rendered":"Loncheado Jam\u00f3n de cebo Ib\u00e9rico \u2013 50% raza Ib\u00e9rica 100 gr"},"content":{"rendered":"","protected":false},"excerpt":{"rendered":"<p>\u2013 Loncheado de jam\u00f3n de cebo Ib\u00e9rico, con una cuidada curaci\u00f3n de m\u00e1s de 24 meses en bodega.<\/p>\n<p>\u2013 Pata alargada, pezu\u00f1a negra y hueso fino.<\/p>\n<p>\u2013 Deliciosa carne jugosa de color rojo intenso, aroma penetrante y sabor rico en matices. Aroma suave y sabor intenso,<\/p>\n","protected":false},"featured_media":3700,"template":"","meta":[],"product_brand":[],"product_cat":[1016,410,1018],"product_tag":[1075,1076],"class_list":{"0":"post-3699","1":"product","2":"type-product","3":"status-publish","4":"has-post-thumbnail","6":"product_cat-7-hermanos-es","7":"product_cat-alimentos","8":"product_cat-carnes","9":"product_tag-7-hermanos-es","10":"product_tag-carnes","12":"first","13":"instock","14":"shipping-taxable","15":"product-type-simple"},"_links":{"self":[{"href":"https:\/\/domiberica.international\/es\/wp-json\/wp\/v2\/product\/3699","targetHints":{"allow":["GET"]}}],"collection":[{"href":"https:\/\/domiberica.international\/es\/wp-json\/wp\/v2\/product"}],"about":[{"href":"https:\/\/domiberica.international\/es\/wp-json\/wp\/v2\/types\/product"}],"version-history":[{"count":2,"href":"https:\/\/domiberica.international\/es\/wp-json\/wp\/v2\/product\/3699\/revisions"}],"predecessor-version":[{"id":3750,"href":"https:\/\/domiberica.international\/es\/wp-json\/wp\/v2\/product\/3699\/revisions\/3750"}],"wp:featuredmedia":[{"embeddable":true,"href":"https:\/\/domiberica.international\/es\/wp-json\/wp\/v2\/media\/3700"}],"wp:attachment":[{"href":"https:\/\/domiberica.international\/es\/wp-json\/wp\/v2\/media?parent=3699"}],"wp:term":[{"taxonomy":"product_brand","embeddable":true,"href":"https:\/\/domiberica.international\/es\/wp-json\/wp\/v2\/product_brand?post=3699"},{"taxonomy":"product_cat","embeddable":true,"href":"https:\/\/domiberica.international\/es\/wp-json\/wp\/v2\/product_cat?post=3699"},{"taxonomy":"product_tag","embeddable":true,"href":"https:\/\/domiberica.international\/es\/wp-json\/wp\/v2\/product_tag?post=3699"}],"curies":[{"name":"wp","href":"https:\/\/api.w.org\/{rel}","templated":true}]}}