{"id":3701,"date":"2022-09-01T18:22:31","date_gmt":"2022-09-01T18:22:31","guid":{"rendered":"https:\/\/domiberica.international\/product\/loncheado-jamon-serrano-100-gr"},"modified":"2022-09-01T18:22:31","modified_gmt":"2022-09-01T18:22:31","slug":"loncheado-jamon-serrano-100-gr","status":"publish","type":"product","link":"https:\/\/domiberica.international\/es\/producto\/loncheado-jamon-serrano-100-gr","title":{"rendered":"Loncheado jam\u00f3n serrano 100 gr"},"content":{"rendered":"","protected":false},"excerpt":{"rendered":"<p>\u2013 Loncheado de jam\u00f3n serrano de cerdo blanco graso, con m\u00e1s de 12 meses de curaci\u00f3n en bodega.<\/p>\n<p>\u2013 Premio Gran Selecci\u00f3n al mejor Jam\u00f3n Serrano de Castilla-La Mancha 2012.<\/p>\n<p>\u2013 Color p\u00farpura rosado, aroma suave y sabor intenso. \u2013 Bien compensadoy buen nivel de grasa infiltrada. Adecuado nivel de grasa perif\u00e9rica.<\/p>\n","protected":false},"featured_media":3702,"template":"","meta":[],"product_brand":[],"product_cat":[1016,410,1018],"product_tag":[1075,1076],"class_list":{"0":"post-3701","1":"product","2":"type-product","3":"status-publish","4":"has-post-thumbnail","6":"product_cat-7-hermanos-es","7":"product_cat-alimentos","8":"product_cat-carnes","9":"product_tag-7-hermanos-es","10":"product_tag-carnes","12":"first","13":"instock","14":"shipping-taxable","15":"product-type-simple"},"_links":{"self":[{"href":"https:\/\/domiberica.international\/es\/wp-json\/wp\/v2\/product\/3701","targetHints":{"allow":["GET"]}}],"collection":[{"href":"https:\/\/domiberica.international\/es\/wp-json\/wp\/v2\/product"}],"about":[{"href":"https:\/\/domiberica.international\/es\/wp-json\/wp\/v2\/types\/product"}],"version-history":[{"count":0,"href":"https:\/\/domiberica.international\/es\/wp-json\/wp\/v2\/product\/3701\/revisions"}],"wp:featuredmedia":[{"embeddable":true,"href":"https:\/\/domiberica.international\/es\/wp-json\/wp\/v2\/media\/3702"}],"wp:attachment":[{"href":"https:\/\/domiberica.international\/es\/wp-json\/wp\/v2\/media?parent=3701"}],"wp:term":[{"taxonomy":"product_brand","embeddable":true,"href":"https:\/\/domiberica.international\/es\/wp-json\/wp\/v2\/product_brand?post=3701"},{"taxonomy":"product_cat","embeddable":true,"href":"https:\/\/domiberica.international\/es\/wp-json\/wp\/v2\/product_cat?post=3701"},{"taxonomy":"product_tag","embeddable":true,"href":"https:\/\/domiberica.international\/es\/wp-json\/wp\/v2\/product_tag?post=3701"}],"curies":[{"name":"wp","href":"https:\/\/api.w.org\/{rel}","templated":true}]}}