{"id":3944,"date":"2022-09-03T19:35:22","date_gmt":"2022-09-03T19:35:22","guid":{"rendered":"https:\/\/domiberica.international\/product\/boada-rueda"},"modified":"2022-09-03T19:35:22","modified_gmt":"2022-09-03T19:35:22","slug":"boada-rueda-2","status":"publish","type":"product","link":"https:\/\/domiberica.international\/es\/producto\/boada-rueda-2","title":{"rendered":"Boada Rueda"},"content":{"rendered":"","protected":false},"excerpt":{"rendered":"<ul>\n<li>Es limpio en nariz, con manzanas verdes, melocotones, mel\u00f3n, c\u00edtricos y notas florales frescas. La variedad Sauvignon Blanc aporta notas de frutas tropicales (fruta de la pasi\u00f3n, pi\u00f1a, mango). La variedad Chardonnay da un toque de papaya y pi\u00f1a La elegante uva Verdejo da un buen cuerpo y estructura.<\/li>\n<li>Perfecto con cualquier tipo de carne (especialmente embutidos, carnes rojas y caza), guisos de legumbres y quesos curados y semi-curados.<\/li>\n<li>Servir a 6 &#8211; 10 \u00baC<\/li>\n<\/ul>\n<p>&nbsp;<\/p>\n","protected":false},"featured_media":3945,"template":"","meta":[],"product_brand":[],"product_cat":[339,343,341,1132],"product_tag":[805,1131],"class_list":{"0":"post-3944","1":"product","2":"type-product","3":"status-publish","4":"has-post-thumbnail","6":"product_cat-bebidas-y-licores","7":"product_cat-blanco","8":"product_cat-vinos","9":"product_cat-yllera-es","10":"product_tag-vinos","11":"product_tag-yllera-es","13":"first","14":"instock","15":"shipping-taxable","16":"product-type-simple"},"_links":{"self":[{"href":"https:\/\/domiberica.international\/es\/wp-json\/wp\/v2\/product\/3944","targetHints":{"allow":["GET"]}}],"collection":[{"href":"https:\/\/domiberica.international\/es\/wp-json\/wp\/v2\/product"}],"about":[{"href":"https:\/\/domiberica.international\/es\/wp-json\/wp\/v2\/types\/product"}],"version-history":[{"count":0,"href":"https:\/\/domiberica.international\/es\/wp-json\/wp\/v2\/product\/3944\/revisions"}],"wp:featuredmedia":[{"embeddable":true,"href":"https:\/\/domiberica.international\/es\/wp-json\/wp\/v2\/media\/3945"}],"wp:attachment":[{"href":"https:\/\/domiberica.international\/es\/wp-json\/wp\/v2\/media?parent=3944"}],"wp:term":[{"taxonomy":"product_brand","embeddable":true,"href":"https:\/\/domiberica.international\/es\/wp-json\/wp\/v2\/product_brand?post=3944"},{"taxonomy":"product_cat","embeddable":true,"href":"https:\/\/domiberica.international\/es\/wp-json\/wp\/v2\/product_cat?post=3944"},{"taxonomy":"product_tag","embeddable":true,"href":"https:\/\/domiberica.international\/es\/wp-json\/wp\/v2\/product_tag?post=3944"}],"curies":[{"name":"wp","href":"https:\/\/api.w.org\/{rel}","templated":true}]}}