{"id":3960,"date":"2022-09-03T20:17:38","date_gmt":"2022-09-03T20:17:38","guid":{"rendered":"https:\/\/domiberica.international\/product\/cantosan-brut-nature"},"modified":"2022-09-03T20:17:38","modified_gmt":"2022-09-03T20:17:38","slug":"cantosan-brut-nature-2","status":"publish","type":"product","link":"https:\/\/domiberica.international\/es\/producto\/cantosan-brut-nature-2","title":{"rendered":"Cantos\u00e1n Brut Nature"},"content":{"rendered":"","protected":false},"excerpt":{"rendered":"<ul>\n<li>Aromas frutales de manzana verde, mel\u00f3n y ralladura de lim\u00f3n, y aromas t\u00edpicos de la crianza como la levadura de pan, las galletas y la mantequilla, y toques de an\u00eds.<\/li>\n<li>Ideal como aperitivo y para acompa\u00f1ar a todo tipo de mariscos y pescados y carnes blancas suaves (pollo, pavo, lechazo asado).<\/li>\n<li>Servir a 5 &#8211; 8 \u00baC<\/li>\n<\/ul>\n<p>&nbsp;<\/p>\n","protected":false},"featured_media":3961,"template":"","meta":[],"product_brand":[],"product_cat":[339,343,341,1132],"product_tag":[805,1131],"class_list":{"0":"post-3960","1":"product","2":"type-product","3":"status-publish","4":"has-post-thumbnail","6":"product_cat-bebidas-y-licores","7":"product_cat-blanco","8":"product_cat-vinos","9":"product_cat-yllera-es","10":"product_tag-vinos","11":"product_tag-yllera-es","13":"first","14":"instock","15":"shipping-taxable","16":"product-type-simple"},"_links":{"self":[{"href":"https:\/\/domiberica.international\/es\/wp-json\/wp\/v2\/product\/3960","targetHints":{"allow":["GET"]}}],"collection":[{"href":"https:\/\/domiberica.international\/es\/wp-json\/wp\/v2\/product"}],"about":[{"href":"https:\/\/domiberica.international\/es\/wp-json\/wp\/v2\/types\/product"}],"version-history":[{"count":0,"href":"https:\/\/domiberica.international\/es\/wp-json\/wp\/v2\/product\/3960\/revisions"}],"wp:featuredmedia":[{"embeddable":true,"href":"https:\/\/domiberica.international\/es\/wp-json\/wp\/v2\/media\/3961"}],"wp:attachment":[{"href":"https:\/\/domiberica.international\/es\/wp-json\/wp\/v2\/media?parent=3960"}],"wp:term":[{"taxonomy":"product_brand","embeddable":true,"href":"https:\/\/domiberica.international\/es\/wp-json\/wp\/v2\/product_brand?post=3960"},{"taxonomy":"product_cat","embeddable":true,"href":"https:\/\/domiberica.international\/es\/wp-json\/wp\/v2\/product_cat?post=3960"},{"taxonomy":"product_tag","embeddable":true,"href":"https:\/\/domiberica.international\/es\/wp-json\/wp\/v2\/product_tag?post=3960"}],"curies":[{"name":"wp","href":"https:\/\/api.w.org\/{rel}","templated":true}]}}