{"id":3962,"date":"2022-09-04T16:11:21","date_gmt":"2022-09-04T16:11:21","guid":{"rendered":"https:\/\/domiberica.international\/product\/cantosan-semiseco"},"modified":"2022-09-04T16:11:21","modified_gmt":"2022-09-04T16:11:21","slug":"cantosan-semiseco-2","status":"publish","type":"product","link":"https:\/\/domiberica.international\/es\/producto\/cantosan-semiseco-2","title":{"rendered":"Cantos\u00e1n Semiseco"},"content":{"rendered":"","protected":false},"excerpt":{"rendered":"<ul>\n<li>Color amarillo pajizo lim\u00f3n, con rosarios de finas burbujas ascendentes y marcada corona. Aromas francos, intensos, a manzana verde, c\u00edtricos, toques de mermeladas y frutos secos. En boca resulta fresco, con paso de boca agradable.<\/li>\n<li>Concebido para acompa\u00f1ar a la degustaci\u00f3n de turrones y postres. Adem\u00e1s es ideal para aromatizar cremas pasteleras, tartas de frutas, hojaldres y bizcochos, chocolates y mermeladas, creps y pasteles e incluso helados suaves y mousses.<\/li>\n<li>Servir a 5 &#8211; 8 \u00baC<\/li>\n<\/ul>\n<p>&nbsp;<\/p>\n","protected":false},"featured_media":3963,"template":"","meta":[],"product_brand":[],"product_cat":[339,343,341,1132],"product_tag":[805,1131],"class_list":{"0":"post-3962","1":"product","2":"type-product","3":"status-publish","4":"has-post-thumbnail","6":"product_cat-bebidas-y-licores","7":"product_cat-blanco","8":"product_cat-vinos","9":"product_cat-yllera-es","10":"product_tag-vinos","11":"product_tag-yllera-es","13":"first","14":"instock","15":"shipping-taxable","16":"product-type-simple"},"_links":{"self":[{"href":"https:\/\/domiberica.international\/es\/wp-json\/wp\/v2\/product\/3962","targetHints":{"allow":["GET"]}}],"collection":[{"href":"https:\/\/domiberica.international\/es\/wp-json\/wp\/v2\/product"}],"about":[{"href":"https:\/\/domiberica.international\/es\/wp-json\/wp\/v2\/types\/product"}],"version-history":[{"count":0,"href":"https:\/\/domiberica.international\/es\/wp-json\/wp\/v2\/product\/3962\/revisions"}],"wp:featuredmedia":[{"embeddable":true,"href":"https:\/\/domiberica.international\/es\/wp-json\/wp\/v2\/media\/3963"}],"wp:attachment":[{"href":"https:\/\/domiberica.international\/es\/wp-json\/wp\/v2\/media?parent=3962"}],"wp:term":[{"taxonomy":"product_brand","embeddable":true,"href":"https:\/\/domiberica.international\/es\/wp-json\/wp\/v2\/product_brand?post=3962"},{"taxonomy":"product_cat","embeddable":true,"href":"https:\/\/domiberica.international\/es\/wp-json\/wp\/v2\/product_cat?post=3962"},{"taxonomy":"product_tag","embeddable":true,"href":"https:\/\/domiberica.international\/es\/wp-json\/wp\/v2\/product_tag?post=3962"}],"curies":[{"name":"wp","href":"https:\/\/api.w.org\/{rel}","templated":true}]}}