{"id":3972,"date":"2022-09-04T02:25:40","date_gmt":"2022-09-04T02:25:40","guid":{"rendered":"https:\/\/domiberica.international\/product\/cuvi-roble"},"modified":"2022-09-04T02:25:40","modified_gmt":"2022-09-04T02:25:40","slug":"cuvi-roble-2","status":"publish","type":"product","link":"https:\/\/domiberica.international\/es\/producto\/cuvi-roble-2","title":{"rendered":"Cuvi Roble"},"content":{"rendered":"","protected":false},"excerpt":{"rendered":"<ul>\n<li>Color rojo guinda con algunos tonos viol\u00e1ceos y azulados en capa fina, signo inequ\u00edvoco de su juventud. La nariz es fragante, con diversidad de tonos frutales (frambuesa, ar\u00e1ndanos, zarzamoras).<\/li>\n<li>Acompa\u00f1a a carnes rojas y blancas, platos de pasta, verduras, barbacoas, embutidos y quesos de media curaci\u00f3n.<\/li>\n<li>Servir a 15 &#8211; 17 \u00baC<\/li>\n<\/ul>\n<p>&nbsp;<\/p>\n","protected":false},"featured_media":3973,"template":"","meta":[],"product_brand":[],"product_cat":[339,347,341,1132],"product_tag":[805,1131],"class_list":{"0":"post-3972","1":"product","2":"type-product","3":"status-publish","4":"has-post-thumbnail","6":"product_cat-bebidas-y-licores","7":"product_cat-tinto","8":"product_cat-vinos","9":"product_cat-yllera-es","10":"product_tag-vinos","11":"product_tag-yllera-es","13":"first","14":"instock","15":"shipping-taxable","16":"product-type-simple"},"_links":{"self":[{"href":"https:\/\/domiberica.international\/es\/wp-json\/wp\/v2\/product\/3972","targetHints":{"allow":["GET"]}}],"collection":[{"href":"https:\/\/domiberica.international\/es\/wp-json\/wp\/v2\/product"}],"about":[{"href":"https:\/\/domiberica.international\/es\/wp-json\/wp\/v2\/types\/product"}],"version-history":[{"count":0,"href":"https:\/\/domiberica.international\/es\/wp-json\/wp\/v2\/product\/3972\/revisions"}],"wp:featuredmedia":[{"embeddable":true,"href":"https:\/\/domiberica.international\/es\/wp-json\/wp\/v2\/media\/3973"}],"wp:attachment":[{"href":"https:\/\/domiberica.international\/es\/wp-json\/wp\/v2\/media?parent=3972"}],"wp:term":[{"taxonomy":"product_brand","embeddable":true,"href":"https:\/\/domiberica.international\/es\/wp-json\/wp\/v2\/product_brand?post=3972"},{"taxonomy":"product_cat","embeddable":true,"href":"https:\/\/domiberica.international\/es\/wp-json\/wp\/v2\/product_cat?post=3972"},{"taxonomy":"product_tag","embeddable":true,"href":"https:\/\/domiberica.international\/es\/wp-json\/wp\/v2\/product_tag?post=3972"}],"curies":[{"name":"wp","href":"https:\/\/api.w.org\/{rel}","templated":true}]}}