{"id":3974,"date":"2022-09-04T02:41:08","date_gmt":"2022-09-04T02:41:08","guid":{"rendered":"https:\/\/domiberica.international\/product\/jesus-yllera"},"modified":"2022-09-04T02:41:08","modified_gmt":"2022-09-04T02:41:08","slug":"jesus-yllera-2","status":"publish","type":"product","link":"https:\/\/domiberica.international\/es\/producto\/jesus-yllera-2","title":{"rendered":"Jes\u00fas Yllera"},"content":{"rendered":"","protected":false},"excerpt":{"rendered":"<ul>\n<li>Rojo picota con alg\u00fan tono rub\u00ed. Nariz muy arom\u00e1tica y explosiva, moderna y elegante. Podemos apreciar agradables frutas negras maduras (ciruela, mora, ar\u00e1ndano) con intensas notas de vainilla, cacao, regaliz, pan tostado, y otros agradables toques especiados y minerales (pedernal, mina de l\u00e1piz).<\/li>\n<li>Servir a 16 &#8211; 18 \u00baC<\/li>\n<\/ul>\n<p>&nbsp;<\/p>\n","protected":false},"featured_media":3975,"template":"","meta":[],"product_brand":[],"product_cat":[339,347,341,1132],"product_tag":[805,1131],"class_list":{"0":"post-3974","1":"product","2":"type-product","3":"status-publish","4":"has-post-thumbnail","6":"product_cat-bebidas-y-licores","7":"product_cat-tinto","8":"product_cat-vinos","9":"product_cat-yllera-es","10":"product_tag-vinos","11":"product_tag-yllera-es","13":"first","14":"instock","15":"shipping-taxable","16":"product-type-simple"},"_links":{"self":[{"href":"https:\/\/domiberica.international\/es\/wp-json\/wp\/v2\/product\/3974","targetHints":{"allow":["GET"]}}],"collection":[{"href":"https:\/\/domiberica.international\/es\/wp-json\/wp\/v2\/product"}],"about":[{"href":"https:\/\/domiberica.international\/es\/wp-json\/wp\/v2\/types\/product"}],"version-history":[{"count":0,"href":"https:\/\/domiberica.international\/es\/wp-json\/wp\/v2\/product\/3974\/revisions"}],"wp:featuredmedia":[{"embeddable":true,"href":"https:\/\/domiberica.international\/es\/wp-json\/wp\/v2\/media\/3975"}],"wp:attachment":[{"href":"https:\/\/domiberica.international\/es\/wp-json\/wp\/v2\/media?parent=3974"}],"wp:term":[{"taxonomy":"product_brand","embeddable":true,"href":"https:\/\/domiberica.international\/es\/wp-json\/wp\/v2\/product_brand?post=3974"},{"taxonomy":"product_cat","embeddable":true,"href":"https:\/\/domiberica.international\/es\/wp-json\/wp\/v2\/product_cat?post=3974"},{"taxonomy":"product_tag","embeddable":true,"href":"https:\/\/domiberica.international\/es\/wp-json\/wp\/v2\/product_tag?post=3974"}],"curies":[{"name":"wp","href":"https:\/\/api.w.org\/{rel}","templated":true}]}}