{"id":3992,"date":"2022-09-04T02:35:29","date_gmt":"2022-09-04T02:35:29","guid":{"rendered":"https:\/\/domiberica.international\/product\/vina-garedo"},"modified":"2022-09-04T02:35:29","modified_gmt":"2022-09-04T02:35:29","slug":"vina-garedo-2","status":"publish","type":"product","link":"https:\/\/domiberica.international\/es\/producto\/vina-garedo-2","title":{"rendered":"Vi\u00f1a Garedo"},"content":{"rendered":"","protected":false},"excerpt":{"rendered":"<ul>\n<li>El Sauvignon Blanc aporta la intensidad arom\u00e1tica de la papaya y la pi\u00f1a. El Chardonnay aporta la intensidad arom\u00e1tica de la papaya y la pi\u00f1a. Suave en el paladar, con una acidez muy crujiente. La elegante uva Verdejo da un buen cuerpo y estructura.<\/li>\n<li>Ideal como aperitivo y para acompa\u00f1ar a todo tipo de mariscos y pescados. Perfecto con arroces (paellas), frituras y comida japonesa.<\/li>\n<li>Servir a 8 &#8211; 10 \u00baC<\/li>\n<\/ul>\n<p>&nbsp;<\/p>\n","protected":false},"featured_media":3993,"template":"","meta":[],"product_brand":[],"product_cat":[339,343,341,1132],"product_tag":[805,1131],"class_list":{"0":"post-3992","1":"product","2":"type-product","3":"status-publish","4":"has-post-thumbnail","6":"product_cat-bebidas-y-licores","7":"product_cat-blanco","8":"product_cat-vinos","9":"product_cat-yllera-es","10":"product_tag-vinos","11":"product_tag-yllera-es","13":"first","14":"instock","15":"shipping-taxable","16":"product-type-simple"},"_links":{"self":[{"href":"https:\/\/domiberica.international\/es\/wp-json\/wp\/v2\/product\/3992","targetHints":{"allow":["GET"]}}],"collection":[{"href":"https:\/\/domiberica.international\/es\/wp-json\/wp\/v2\/product"}],"about":[{"href":"https:\/\/domiberica.international\/es\/wp-json\/wp\/v2\/types\/product"}],"version-history":[{"count":0,"href":"https:\/\/domiberica.international\/es\/wp-json\/wp\/v2\/product\/3992\/revisions"}],"wp:featuredmedia":[{"embeddable":true,"href":"https:\/\/domiberica.international\/es\/wp-json\/wp\/v2\/media\/3993"}],"wp:attachment":[{"href":"https:\/\/domiberica.international\/es\/wp-json\/wp\/v2\/media?parent=3992"}],"wp:term":[{"taxonomy":"product_brand","embeddable":true,"href":"https:\/\/domiberica.international\/es\/wp-json\/wp\/v2\/product_brand?post=3992"},{"taxonomy":"product_cat","embeddable":true,"href":"https:\/\/domiberica.international\/es\/wp-json\/wp\/v2\/product_cat?post=3992"},{"taxonomy":"product_tag","embeddable":true,"href":"https:\/\/domiberica.international\/es\/wp-json\/wp\/v2\/product_tag?post=3992"}],"curies":[{"name":"wp","href":"https:\/\/api.w.org\/{rel}","templated":true}]}}