{"id":3997,"date":"2022-09-03T20:53:54","date_gmt":"2022-09-03T20:53:54","guid":{"rendered":"https:\/\/domiberica.international\/product\/yllera-5-5-blanco-frizzante"},"modified":"2022-09-03T20:53:54","modified_gmt":"2022-09-03T20:53:54","slug":"yllera-5-5-blanco-frizzante-2","status":"publish","type":"product","link":"https:\/\/domiberica.international\/es\/producto\/yllera-5-5-blanco-frizzante-2","title":{"rendered":"Yllera 5.5 Blanco Frizzante"},"content":{"rendered":"","protected":false},"excerpt":{"rendered":"<ul>\n<li>Tiene un bonito color amarillo pajizo con un tinte verde acerado, as\u00ed como aromas claros que combinan una variedad de sabores como la manzana verde, la pi\u00f1a y la fruta de la pasi\u00f3n.<\/li>\n<li>Mejor consumirlo muy fr\u00edo, en cualquier ocasi\u00f3n, como en aperitivos, pero se recomienda, sin ninguna duda, tomarlo con postres (cremas, tartas de frutas).<\/li>\n<li>Servir a 5 \u00baC<\/li>\n<\/ul>\n<p>&nbsp;<\/p>\n","protected":false},"featured_media":3998,"template":"","meta":[],"product_brand":[],"product_cat":[339,343,341,1132],"product_tag":[805,1131],"class_list":{"0":"post-3997","1":"product","2":"type-product","3":"status-publish","4":"has-post-thumbnail","6":"product_cat-bebidas-y-licores","7":"product_cat-blanco","8":"product_cat-vinos","9":"product_cat-yllera-es","10":"product_tag-vinos","11":"product_tag-yllera-es","13":"first","14":"instock","15":"shipping-taxable","16":"product-type-simple"},"_links":{"self":[{"href":"https:\/\/domiberica.international\/es\/wp-json\/wp\/v2\/product\/3997","targetHints":{"allow":["GET"]}}],"collection":[{"href":"https:\/\/domiberica.international\/es\/wp-json\/wp\/v2\/product"}],"about":[{"href":"https:\/\/domiberica.international\/es\/wp-json\/wp\/v2\/types\/product"}],"version-history":[{"count":0,"href":"https:\/\/domiberica.international\/es\/wp-json\/wp\/v2\/product\/3997\/revisions"}],"wp:featuredmedia":[{"embeddable":true,"href":"https:\/\/domiberica.international\/es\/wp-json\/wp\/v2\/media\/3998"}],"wp:attachment":[{"href":"https:\/\/domiberica.international\/es\/wp-json\/wp\/v2\/media?parent=3997"}],"wp:term":[{"taxonomy":"product_brand","embeddable":true,"href":"https:\/\/domiberica.international\/es\/wp-json\/wp\/v2\/product_brand?post=3997"},{"taxonomy":"product_cat","embeddable":true,"href":"https:\/\/domiberica.international\/es\/wp-json\/wp\/v2\/product_cat?post=3997"},{"taxonomy":"product_tag","embeddable":true,"href":"https:\/\/domiberica.international\/es\/wp-json\/wp\/v2\/product_tag?post=3997"}],"curies":[{"name":"wp","href":"https:\/\/api.w.org\/{rel}","templated":true}]}}