{"id":4001,"date":"2022-09-04T16:23:23","date_gmt":"2022-09-04T16:23:23","guid":{"rendered":"https:\/\/domiberica.international\/product\/yllera-5-5-rose-frizzante"},"modified":"2022-09-04T16:23:23","modified_gmt":"2022-09-04T16:23:23","slug":"yllera-5-5-rose-frizzante-2","status":"publish","type":"product","link":"https:\/\/domiberica.international\/es\/producto\/yllera-5-5-rose-frizzante-2","title":{"rendered":"Yllera 5.5 Ros\u00e9 Frizzante"},"content":{"rendered":"","protected":false},"excerpt":{"rendered":"<ul>\n<li>Color rosa fresa brillante e intenso, muy limpio, con ligeros matices rub\u00ed y granate. Potentes aromas primarios de gran intensidad a fresones y moras, pera de agua, frambuesa y sutiles recuerdos tropicales como mangos, piel de melocot\u00f3n, etc\u2026<\/li>\n<li>Se recomienda consumirlo muy fr\u00edo, para cualquier tipo de ocasi\u00f3n, como aperitivo. Sin embargo, es, sin duda, m\u00e1s recomendable con los postres (crema, pasteles de frutas) y el chocolate.\n<p><em><strong>Servir muy fr\u00edo.<\/strong><\/em><\/li>\n<li>Servir a 5 \u00baC<\/li>\n<\/ul>\n<p>&nbsp;<\/p>\n","protected":false},"featured_media":4002,"template":"","meta":[],"product_brand":[],"product_cat":[339,712,341,1132],"product_tag":[805,1131],"class_list":{"0":"post-4001","1":"product","2":"type-product","3":"status-publish","4":"has-post-thumbnail","6":"product_cat-bebidas-y-licores","7":"product_cat-rose-es","8":"product_cat-vinos","9":"product_cat-yllera-es","10":"product_tag-vinos","11":"product_tag-yllera-es","13":"first","14":"instock","15":"shipping-taxable","16":"product-type-simple"},"_links":{"self":[{"href":"https:\/\/domiberica.international\/es\/wp-json\/wp\/v2\/product\/4001","targetHints":{"allow":["GET"]}}],"collection":[{"href":"https:\/\/domiberica.international\/es\/wp-json\/wp\/v2\/product"}],"about":[{"href":"https:\/\/domiberica.international\/es\/wp-json\/wp\/v2\/types\/product"}],"version-history":[{"count":0,"href":"https:\/\/domiberica.international\/es\/wp-json\/wp\/v2\/product\/4001\/revisions"}],"wp:featuredmedia":[{"embeddable":true,"href":"https:\/\/domiberica.international\/es\/wp-json\/wp\/v2\/media\/4002"}],"wp:attachment":[{"href":"https:\/\/domiberica.international\/es\/wp-json\/wp\/v2\/media?parent=4001"}],"wp:term":[{"taxonomy":"product_brand","embeddable":true,"href":"https:\/\/domiberica.international\/es\/wp-json\/wp\/v2\/product_brand?post=4001"},{"taxonomy":"product_cat","embeddable":true,"href":"https:\/\/domiberica.international\/es\/wp-json\/wp\/v2\/product_cat?post=4001"},{"taxonomy":"product_tag","embeddable":true,"href":"https:\/\/domiberica.international\/es\/wp-json\/wp\/v2\/product_tag?post=4001"}],"curies":[{"name":"wp","href":"https:\/\/api.w.org\/{rel}","templated":true}]}}