{"id":4005,"date":"2022-09-04T03:08:04","date_gmt":"2022-09-04T03:08:04","guid":{"rendered":"https:\/\/domiberica.international\/product\/yllera-chardonnay-vendimia-nocturna"},"modified":"2022-09-04T03:08:04","modified_gmt":"2022-09-04T03:08:04","slug":"yllera-chardonnay-vendimia-nocturna-2","status":"publish","type":"product","link":"https:\/\/domiberica.international\/es\/producto\/yllera-chardonnay-vendimia-nocturna-2","title":{"rendered":"Yllera Chardonnay Vendimia Nocturna"},"content":{"rendered":"","protected":false},"excerpt":{"rendered":"<ul>\n<li>Color amarillo paja con tonalidades verdosas, limpio y brillante. Vino fresco con sugestivos aromas tropicales (mango, mel\u00f3n, fruta de la pasi\u00f3n), redondo y afrutado con un toque elegante mineral y herb\u00e1ceo. Vino elegante, carnoso cuerpo y sabrosa acidez.<\/li>\n<li>Mariscos, carnes blancas, pescados blancos, quesos frescos, ahumados, pollo asado, lasa\u00f1a, berenjenas rellenas.<\/li>\n<li>Servir a 6 &#8211; 8 \u00baC<\/li>\n<\/ul>\n","protected":false},"featured_media":4006,"template":"","meta":[],"product_brand":[],"product_cat":[339,343,341,1132],"product_tag":[805,1131],"class_list":{"0":"post-4005","1":"product","2":"type-product","3":"status-publish","4":"has-post-thumbnail","6":"product_cat-bebidas-y-licores","7":"product_cat-blanco","8":"product_cat-vinos","9":"product_cat-yllera-es","10":"product_tag-vinos","11":"product_tag-yllera-es","13":"first","14":"instock","15":"shipping-taxable","16":"product-type-simple"},"_links":{"self":[{"href":"https:\/\/domiberica.international\/es\/wp-json\/wp\/v2\/product\/4005","targetHints":{"allow":["GET"]}}],"collection":[{"href":"https:\/\/domiberica.international\/es\/wp-json\/wp\/v2\/product"}],"about":[{"href":"https:\/\/domiberica.international\/es\/wp-json\/wp\/v2\/types\/product"}],"version-history":[{"count":0,"href":"https:\/\/domiberica.international\/es\/wp-json\/wp\/v2\/product\/4005\/revisions"}],"wp:featuredmedia":[{"embeddable":true,"href":"https:\/\/domiberica.international\/es\/wp-json\/wp\/v2\/media\/4006"}],"wp:attachment":[{"href":"https:\/\/domiberica.international\/es\/wp-json\/wp\/v2\/media?parent=4005"}],"wp:term":[{"taxonomy":"product_brand","embeddable":true,"href":"https:\/\/domiberica.international\/es\/wp-json\/wp\/v2\/product_brand?post=4005"},{"taxonomy":"product_cat","embeddable":true,"href":"https:\/\/domiberica.international\/es\/wp-json\/wp\/v2\/product_cat?post=4005"},{"taxonomy":"product_tag","embeddable":true,"href":"https:\/\/domiberica.international\/es\/wp-json\/wp\/v2\/product_tag?post=4005"}],"curies":[{"name":"wp","href":"https:\/\/api.w.org\/{rel}","templated":true}]}}