{"id":4013,"date":"2022-09-04T03:14:33","date_gmt":"2022-09-04T03:14:33","guid":{"rendered":"https:\/\/domiberica.international\/product\/yllera-sauvignon-blanc-vendimia-nocturna"},"modified":"2022-09-04T03:14:33","modified_gmt":"2022-09-04T03:14:33","slug":"yllera-sauvignon-blanc-vendimia-nocturna-2","status":"publish","type":"product","link":"https:\/\/domiberica.international\/es\/producto\/yllera-sauvignon-blanc-vendimia-nocturna-2","title":{"rendered":"Yllera Sauvignon Blanc Vendimia Nocturna"},"content":{"rendered":"","protected":false},"excerpt":{"rendered":"<ul>\n<li>Brillante color amarillo pajizo p\u00e1lido con acentos verdes. Limpio en nariz con manzana verde, melocot\u00f3n, mel\u00f3n, c\u00edtricos y tonos florales crujientes. El Sauvignon Blanc aporta notas de frutas tropicales (maracuy\u00e1, pi\u00f1a y mango).<\/li>\n<li>Ideal como aperitivo y para acompa\u00f1ar a todo tipo de mariscos y pescados. Perfecto con arroces (paellas), frituras y comida japonesa.<\/li>\n<li>Servir a 7 &#8211; 9 \u00baC<\/li>\n<\/ul>\n","protected":false},"featured_media":4014,"template":"","meta":[],"product_brand":[],"product_cat":[339,343,341,1132],"product_tag":[805,1131],"class_list":{"0":"post-4013","1":"product","2":"type-product","3":"status-publish","4":"has-post-thumbnail","6":"product_cat-bebidas-y-licores","7":"product_cat-blanco","8":"product_cat-vinos","9":"product_cat-yllera-es","10":"product_tag-vinos","11":"product_tag-yllera-es","13":"first","14":"instock","15":"shipping-taxable","16":"product-type-simple"},"_links":{"self":[{"href":"https:\/\/domiberica.international\/es\/wp-json\/wp\/v2\/product\/4013","targetHints":{"allow":["GET"]}}],"collection":[{"href":"https:\/\/domiberica.international\/es\/wp-json\/wp\/v2\/product"}],"about":[{"href":"https:\/\/domiberica.international\/es\/wp-json\/wp\/v2\/types\/product"}],"version-history":[{"count":0,"href":"https:\/\/domiberica.international\/es\/wp-json\/wp\/v2\/product\/4013\/revisions"}],"wp:featuredmedia":[{"embeddable":true,"href":"https:\/\/domiberica.international\/es\/wp-json\/wp\/v2\/media\/4014"}],"wp:attachment":[{"href":"https:\/\/domiberica.international\/es\/wp-json\/wp\/v2\/media?parent=4013"}],"wp:term":[{"taxonomy":"product_brand","embeddable":true,"href":"https:\/\/domiberica.international\/es\/wp-json\/wp\/v2\/product_brand?post=4013"},{"taxonomy":"product_cat","embeddable":true,"href":"https:\/\/domiberica.international\/es\/wp-json\/wp\/v2\/product_cat?post=4013"},{"taxonomy":"product_tag","embeddable":true,"href":"https:\/\/domiberica.international\/es\/wp-json\/wp\/v2\/product_tag?post=4013"}],"curies":[{"name":"wp","href":"https:\/\/api.w.org\/{rel}","templated":true}]}}