{"id":4015,"date":"2022-09-04T03:11:14","date_gmt":"2022-09-04T03:11:14","guid":{"rendered":"https:\/\/domiberica.international\/product\/yllera-privee"},"modified":"2022-09-04T03:11:14","modified_gmt":"2022-09-04T03:11:14","slug":"yllera-privee-2","status":"publish","type":"product","link":"https:\/\/domiberica.international\/es\/producto\/yllera-privee-2","title":{"rendered":"Yllera Priv\u00e9e"},"content":{"rendered":"","protected":false},"excerpt":{"rendered":"<ul>\n<li>Nariz elegante con una delicada combinaci\u00f3n de aromas frutales (manzana verde, heno y c\u00edtricos) y notas de pasteler\u00eda, magdalenas horneadas, pan tostado, frutos secos y flores blancas. En boca es fresco, con una burbuja muy fina y elegante. Complejo y bien balanceado.<\/li>\n<li>Para tomar solo como aperitivo o para acompa\u00f1ar a todo tipo de mariscos (ideal con ostras), pescados al horno, carnes suaves (como el pollo, pavo).<\/li>\n<li>Servir a 6 &#8211; 8 \u00baC<\/li>\n<\/ul>\n","protected":false},"featured_media":4016,"template":"","meta":[],"product_brand":[],"product_cat":[339,343,341,1132],"product_tag":[805,1131],"class_list":{"0":"post-4015","1":"product","2":"type-product","3":"status-publish","4":"has-post-thumbnail","6":"product_cat-bebidas-y-licores","7":"product_cat-blanco","8":"product_cat-vinos","9":"product_cat-yllera-es","10":"product_tag-vinos","11":"product_tag-yllera-es","13":"first","14":"instock","15":"shipping-taxable","16":"product-type-simple"},"_links":{"self":[{"href":"https:\/\/domiberica.international\/es\/wp-json\/wp\/v2\/product\/4015","targetHints":{"allow":["GET"]}}],"collection":[{"href":"https:\/\/domiberica.international\/es\/wp-json\/wp\/v2\/product"}],"about":[{"href":"https:\/\/domiberica.international\/es\/wp-json\/wp\/v2\/types\/product"}],"version-history":[{"count":0,"href":"https:\/\/domiberica.international\/es\/wp-json\/wp\/v2\/product\/4015\/revisions"}],"wp:featuredmedia":[{"embeddable":true,"href":"https:\/\/domiberica.international\/es\/wp-json\/wp\/v2\/media\/4016"}],"wp:attachment":[{"href":"https:\/\/domiberica.international\/es\/wp-json\/wp\/v2\/media?parent=4015"}],"wp:term":[{"taxonomy":"product_brand","embeddable":true,"href":"https:\/\/domiberica.international\/es\/wp-json\/wp\/v2\/product_brand?post=4015"},{"taxonomy":"product_cat","embeddable":true,"href":"https:\/\/domiberica.international\/es\/wp-json\/wp\/v2\/product_cat?post=4015"},{"taxonomy":"product_tag","embeddable":true,"href":"https:\/\/domiberica.international\/es\/wp-json\/wp\/v2\/product_tag?post=4015"}],"curies":[{"name":"wp","href":"https:\/\/api.w.org\/{rel}","templated":true}]}}