{"id":4017,"date":"2022-09-04T03:17:51","date_gmt":"2022-09-04T03:17:51","guid":{"rendered":"https:\/\/domiberica.international\/product\/yllera-organic-verdejo-vendimia-nocturna"},"modified":"2022-09-04T03:17:51","modified_gmt":"2022-09-04T03:17:51","slug":"yllera-organic-verdejo-vendimia-nocturna-2","status":"publish","type":"product","link":"https:\/\/domiberica.international\/es\/producto\/yllera-organic-verdejo-vendimia-nocturna-2","title":{"rendered":"Yllera Organic Verdejo Vendimia Nocturna"},"content":{"rendered":"","protected":false},"excerpt":{"rendered":"<ul>\n<li>Color amarillo p\u00e1lido con alg\u00fan matiz verdoso. Intenso en nariz, con aromas de fruta blanca, de hueso y tropical, con algunas notas herb\u00e1ceas frescas y toques minerales. Suave en el paladar, con acidez viva y gran persistencia.<\/li>\n<li>Ideal como aperitivo y para acompa\u00f1ar a todo tipo de pescados, mariscos, arroces, frituras y comida japonesa.<\/li>\n<li>Servir a 7 &#8211; 9 \u00baC<\/li>\n<\/ul>\n","protected":false},"featured_media":4018,"template":"","meta":[],"product_brand":[],"product_cat":[339,343,341,1132],"product_tag":[805,1131],"class_list":{"0":"post-4017","1":"product","2":"type-product","3":"status-publish","4":"has-post-thumbnail","6":"product_cat-bebidas-y-licores","7":"product_cat-blanco","8":"product_cat-vinos","9":"product_cat-yllera-es","10":"product_tag-vinos","11":"product_tag-yllera-es","13":"first","14":"instock","15":"shipping-taxable","16":"product-type-simple"},"_links":{"self":[{"href":"https:\/\/domiberica.international\/es\/wp-json\/wp\/v2\/product\/4017","targetHints":{"allow":["GET"]}}],"collection":[{"href":"https:\/\/domiberica.international\/es\/wp-json\/wp\/v2\/product"}],"about":[{"href":"https:\/\/domiberica.international\/es\/wp-json\/wp\/v2\/types\/product"}],"version-history":[{"count":0,"href":"https:\/\/domiberica.international\/es\/wp-json\/wp\/v2\/product\/4017\/revisions"}],"wp:featuredmedia":[{"embeddable":true,"href":"https:\/\/domiberica.international\/es\/wp-json\/wp\/v2\/media\/4018"}],"wp:attachment":[{"href":"https:\/\/domiberica.international\/es\/wp-json\/wp\/v2\/media?parent=4017"}],"wp:term":[{"taxonomy":"product_brand","embeddable":true,"href":"https:\/\/domiberica.international\/es\/wp-json\/wp\/v2\/product_brand?post=4017"},{"taxonomy":"product_cat","embeddable":true,"href":"https:\/\/domiberica.international\/es\/wp-json\/wp\/v2\/product_cat?post=4017"},{"taxonomy":"product_tag","embeddable":true,"href":"https:\/\/domiberica.international\/es\/wp-json\/wp\/v2\/product_tag?post=4017"}],"curies":[{"name":"wp","href":"https:\/\/api.w.org\/{rel}","templated":true}]}}