{"id":4209,"date":"2022-09-05T22:38:53","date_gmt":"2022-09-05T22:38:53","guid":{"rendered":"https:\/\/domiberica.international\/product\/macarron-surtido-neutral-y-chocolate"},"modified":"2022-09-05T22:38:53","modified_gmt":"2022-09-05T22:38:53","slug":"macarron-surtido-neutral-chocolate","status":"publish","type":"product","link":"https:\/\/domiberica.international\/es\/producto\/macarron-surtido-neutral-chocolate","title":{"rendered":"Macarron Surtido (Neutral y Chocolate)"},"content":{"rendered":"","protected":false},"excerpt":{"rendered":"<p>C\u00e1psulas de delicioso macaron franc\u00e9s con alto contenido en almendra, la soluci\u00f3n m\u00e1s r\u00e1pida y sencilla para elaborar tus propios macarons. \u00dasalo tambi\u00e9n como decoraci\u00f3n en tus postres y tartas.<\/p>\n<p>&nbsp;<\/p>\n<p>&nbsp;<\/p>\n","protected":false},"featured_media":4210,"template":"","meta":[],"product_brand":[],"product_cat":[410,1150,427],"product_tag":[456,1179],"class_list":{"0":"post-4209","1":"product","2":"type-product","3":"status-publish","4":"has-post-thumbnail","6":"product_cat-alimentos","7":"product_cat-ntd-es","8":"product_cat-pasteleria","9":"product_tag-alimentos","10":"product_tag-ntd-es","12":"first","13":"instock","14":"shipping-taxable","15":"product-type-simple"},"_links":{"self":[{"href":"https:\/\/domiberica.international\/es\/wp-json\/wp\/v2\/product\/4209","targetHints":{"allow":["GET"]}}],"collection":[{"href":"https:\/\/domiberica.international\/es\/wp-json\/wp\/v2\/product"}],"about":[{"href":"https:\/\/domiberica.international\/es\/wp-json\/wp\/v2\/types\/product"}],"version-history":[{"count":0,"href":"https:\/\/domiberica.international\/es\/wp-json\/wp\/v2\/product\/4209\/revisions"}],"wp:featuredmedia":[{"embeddable":true,"href":"https:\/\/domiberica.international\/es\/wp-json\/wp\/v2\/media\/4210"}],"wp:attachment":[{"href":"https:\/\/domiberica.international\/es\/wp-json\/wp\/v2\/media?parent=4209"}],"wp:term":[{"taxonomy":"product_brand","embeddable":true,"href":"https:\/\/domiberica.international\/es\/wp-json\/wp\/v2\/product_brand?post=4209"},{"taxonomy":"product_cat","embeddable":true,"href":"https:\/\/domiberica.international\/es\/wp-json\/wp\/v2\/product_cat?post=4209"},{"taxonomy":"product_tag","embeddable":true,"href":"https:\/\/domiberica.international\/es\/wp-json\/wp\/v2\/product_tag?post=4209"}],"curies":[{"name":"wp","href":"https:\/\/api.w.org\/{rel}","templated":true}]}}