{"id":4221,"date":"2022-09-05T22:21:10","date_gmt":"2022-09-05T22:21:10","guid":{"rendered":"https:\/\/domiberica.international\/product\/levadura-instantanea"},"modified":"2022-09-05T22:21:10","modified_gmt":"2022-09-05T22:21:10","slug":"levadura-instantanea","status":"publish","type":"product","link":"https:\/\/domiberica.international\/es\/producto\/levadura-instantanea","title":{"rendered":"Levadura Instant\u00e1nea"},"content":{"rendered":"","protected":false},"excerpt":{"rendered":"<p>Se trata de una levadura de pan seca instant\u00e1nea gold (Saccharomyces cerevisiae) envasada al vac\u00edo en l\u00e1minas. La levadura seca instant\u00e1nea gold se mejora de la levadura seca activa, no necesita ning\u00fan paso de rehidrataci\u00f3n antes de la preparaci\u00f3n de la masa. Solo mezclar con harina es suficiente. Es ideal para Croissant, panes dulces, dan\u00e9s, masas dulces, panes variados, rosquillas, panes variados.<\/p>\n<p>&nbsp;<\/p>\n<p>&nbsp;<\/p>\n","protected":false},"featured_media":4222,"template":"","meta":[],"product_brand":[],"product_cat":[410,1150,427],"product_tag":[456,1179],"class_list":{"0":"post-4221","1":"product","2":"type-product","3":"status-publish","4":"has-post-thumbnail","6":"product_cat-alimentos","7":"product_cat-ntd-es","8":"product_cat-pasteleria","9":"product_tag-alimentos","10":"product_tag-ntd-es","12":"first","13":"instock","14":"shipping-taxable","15":"product-type-simple"},"_links":{"self":[{"href":"https:\/\/domiberica.international\/es\/wp-json\/wp\/v2\/product\/4221","targetHints":{"allow":["GET"]}}],"collection":[{"href":"https:\/\/domiberica.international\/es\/wp-json\/wp\/v2\/product"}],"about":[{"href":"https:\/\/domiberica.international\/es\/wp-json\/wp\/v2\/types\/product"}],"version-history":[{"count":0,"href":"https:\/\/domiberica.international\/es\/wp-json\/wp\/v2\/product\/4221\/revisions"}],"wp:featuredmedia":[{"embeddable":true,"href":"https:\/\/domiberica.international\/es\/wp-json\/wp\/v2\/media\/4222"}],"wp:attachment":[{"href":"https:\/\/domiberica.international\/es\/wp-json\/wp\/v2\/media?parent=4221"}],"wp:term":[{"taxonomy":"product_brand","embeddable":true,"href":"https:\/\/domiberica.international\/es\/wp-json\/wp\/v2\/product_brand?post=4221"},{"taxonomy":"product_cat","embeddable":true,"href":"https:\/\/domiberica.international\/es\/wp-json\/wp\/v2\/product_cat?post=4221"},{"taxonomy":"product_tag","embeddable":true,"href":"https:\/\/domiberica.international\/es\/wp-json\/wp\/v2\/product_tag?post=4221"}],"curies":[{"name":"wp","href":"https:\/\/api.w.org\/{rel}","templated":true}]}}