{"id":4239,"date":"2022-09-05T21:55:27","date_gmt":"2022-09-05T21:55:27","guid":{"rendered":"https:\/\/domiberica.international\/product\/polvo-de-hornear-doble-accion"},"modified":"2022-09-08T23:51:53","modified_gmt":"2022-09-08T23:51:53","slug":"polvo-de-hornear-doble-accion","status":"publish","type":"product","link":"https:\/\/domiberica.international\/es\/producto\/polvo-de-hornear-doble-accion","title":{"rendered":"Polvo De Hornear Doble Acci\u00f3n"},"content":{"rendered":"","protected":false},"excerpt":{"rendered":"<p>Polvo para hornear doble acci\u00f3n ideal para usarse en productos que requieran leudado qu\u00edmico, y trabajen durante el batido y el horneo; favoreciendo la aireaci\u00f3n del producto.<\/p>\n<p>&nbsp;<\/p>\n<p>&nbsp;<\/p>\n","protected":false},"featured_media":4240,"template":"","meta":[],"product_brand":[],"product_cat":[410,1150,427],"product_tag":[456,1179],"class_list":{"0":"post-4239","1":"product","2":"type-product","3":"status-publish","4":"has-post-thumbnail","6":"product_cat-alimentos","7":"product_cat-ntd-es","8":"product_cat-pasteleria","9":"product_tag-alimentos","10":"product_tag-ntd-es","12":"first","13":"instock","14":"shipping-taxable","15":"product-type-simple"},"_links":{"self":[{"href":"https:\/\/domiberica.international\/es\/wp-json\/wp\/v2\/product\/4239","targetHints":{"allow":["GET"]}}],"collection":[{"href":"https:\/\/domiberica.international\/es\/wp-json\/wp\/v2\/product"}],"about":[{"href":"https:\/\/domiberica.international\/es\/wp-json\/wp\/v2\/types\/product"}],"version-history":[{"count":1,"href":"https:\/\/domiberica.international\/es\/wp-json\/wp\/v2\/product\/4239\/revisions"}],"predecessor-version":[{"id":4804,"href":"https:\/\/domiberica.international\/es\/wp-json\/wp\/v2\/product\/4239\/revisions\/4804"}],"wp:featuredmedia":[{"embeddable":true,"href":"https:\/\/domiberica.international\/es\/wp-json\/wp\/v2\/media\/4240"}],"wp:attachment":[{"href":"https:\/\/domiberica.international\/es\/wp-json\/wp\/v2\/media?parent=4239"}],"wp:term":[{"taxonomy":"product_brand","embeddable":true,"href":"https:\/\/domiberica.international\/es\/wp-json\/wp\/v2\/product_brand?post=4239"},{"taxonomy":"product_cat","embeddable":true,"href":"https:\/\/domiberica.international\/es\/wp-json\/wp\/v2\/product_cat?post=4239"},{"taxonomy":"product_tag","embeddable":true,"href":"https:\/\/domiberica.international\/es\/wp-json\/wp\/v2\/product_tag?post=4239"}],"curies":[{"name":"wp","href":"https:\/\/api.w.org\/{rel}","templated":true}]}}