{"id":4255,"date":"2022-09-05T20:08:02","date_gmt":"2022-09-05T20:08:02","guid":{"rendered":"https:\/\/domiberica.international\/product\/soft-ice-cream-mix-vainilla"},"modified":"2022-09-28T19:14:36","modified_gmt":"2022-09-28T19:14:36","slug":"soft-ice-cream-mix-vainilla","status":"publish","type":"product","link":"https:\/\/domiberica.international\/es\/producto\/soft-ice-cream-mix-vainilla","title":{"rendered":"Soft Ice Cream Mix Vainilla"},"content":{"rendered":"","protected":false},"excerpt":{"rendered":"<p>Mezcla l\u00edquida lista para usar. Abrir y verter directamente en la m\u00e1quina de hielo blando. Mezcla de hielo suave DANICA tiene un derretimiento m\u00e1s lento que el hielo blando l\u00e1cteo debido a la grasa vegetal. Esto evita que se derrame hielo en los waffles.<\/p>\n<p>&nbsp;<\/p>\n<p>&nbsp;<\/p>\n","protected":false},"featured_media":4256,"template":"","meta":[],"product_brand":[],"product_cat":[410,1150,427],"product_tag":[456,1179],"class_list":{"0":"post-4255","1":"product","2":"type-product","3":"status-publish","4":"has-post-thumbnail","6":"product_cat-alimentos","7":"product_cat-ntd-es","8":"product_cat-pasteleria","9":"product_tag-alimentos","10":"product_tag-ntd-es","12":"first","13":"instock","14":"shipping-taxable","15":"product-type-simple"},"_links":{"self":[{"href":"https:\/\/domiberica.international\/es\/wp-json\/wp\/v2\/product\/4255","targetHints":{"allow":["GET"]}}],"collection":[{"href":"https:\/\/domiberica.international\/es\/wp-json\/wp\/v2\/product"}],"about":[{"href":"https:\/\/domiberica.international\/es\/wp-json\/wp\/v2\/types\/product"}],"version-history":[{"count":1,"href":"https:\/\/domiberica.international\/es\/wp-json\/wp\/v2\/product\/4255\/revisions"}],"predecessor-version":[{"id":5017,"href":"https:\/\/domiberica.international\/es\/wp-json\/wp\/v2\/product\/4255\/revisions\/5017"}],"wp:featuredmedia":[{"embeddable":true,"href":"https:\/\/domiberica.international\/es\/wp-json\/wp\/v2\/media\/4256"}],"wp:attachment":[{"href":"https:\/\/domiberica.international\/es\/wp-json\/wp\/v2\/media?parent=4255"}],"wp:term":[{"taxonomy":"product_brand","embeddable":true,"href":"https:\/\/domiberica.international\/es\/wp-json\/wp\/v2\/product_brand?post=4255"},{"taxonomy":"product_cat","embeddable":true,"href":"https:\/\/domiberica.international\/es\/wp-json\/wp\/v2\/product_cat?post=4255"},{"taxonomy":"product_tag","embeddable":true,"href":"https:\/\/domiberica.international\/es\/wp-json\/wp\/v2\/product_tag?post=4255"}],"curies":[{"name":"wp","href":"https:\/\/api.w.org\/{rel}","templated":true}]}}