{"id":4266,"date":"2022-09-05T19:53:26","date_gmt":"2022-09-05T19:53:26","guid":{"rendered":"https:\/\/domiberica.international\/product\/gelatina-sin-sabor"},"modified":"2022-09-05T19:53:26","modified_gmt":"2022-09-05T19:53:26","slug":"gelatina-sin-sabor","status":"publish","type":"product","link":"https:\/\/domiberica.international\/es\/producto\/gelatina-sin-sabor","title":{"rendered":"Gelatina Sin Sabor"},"content":{"rendered":"","protected":false},"excerpt":{"rendered":"<p>La grenetina es una prote\u00edna parcialmente hidrolizada que se obtiene a partir de una hidr\u00f3lisis \u00e1cida y alcalina (Tipo A y Tipo B) de la piel de cerdo y res respectivamente. Es un Polvo granular amarillento malla 30, libre de contaminaci\u00f3n mec\u00e1nica.<\/p>\n<p>&nbsp;<\/p>\n<p>&nbsp;<\/p>\n","protected":false},"featured_media":4267,"template":"","meta":[],"product_brand":[],"product_cat":[410,1150,427],"product_tag":[456,1179],"class_list":{"0":"post-4266","1":"product","2":"type-product","3":"status-publish","4":"has-post-thumbnail","6":"product_cat-alimentos","7":"product_cat-ntd-es","8":"product_cat-pasteleria","9":"product_tag-alimentos","10":"product_tag-ntd-es","12":"first","13":"instock","14":"shipping-taxable","15":"product-type-simple"},"_links":{"self":[{"href":"https:\/\/domiberica.international\/es\/wp-json\/wp\/v2\/product\/4266","targetHints":{"allow":["GET"]}}],"collection":[{"href":"https:\/\/domiberica.international\/es\/wp-json\/wp\/v2\/product"}],"about":[{"href":"https:\/\/domiberica.international\/es\/wp-json\/wp\/v2\/types\/product"}],"version-history":[{"count":0,"href":"https:\/\/domiberica.international\/es\/wp-json\/wp\/v2\/product\/4266\/revisions"}],"wp:featuredmedia":[{"embeddable":true,"href":"https:\/\/domiberica.international\/es\/wp-json\/wp\/v2\/media\/4267"}],"wp:attachment":[{"href":"https:\/\/domiberica.international\/es\/wp-json\/wp\/v2\/media?parent=4266"}],"wp:term":[{"taxonomy":"product_brand","embeddable":true,"href":"https:\/\/domiberica.international\/es\/wp-json\/wp\/v2\/product_brand?post=4266"},{"taxonomy":"product_cat","embeddable":true,"href":"https:\/\/domiberica.international\/es\/wp-json\/wp\/v2\/product_cat?post=4266"},{"taxonomy":"product_tag","embeddable":true,"href":"https:\/\/domiberica.international\/es\/wp-json\/wp\/v2\/product_tag?post=4266"}],"curies":[{"name":"wp","href":"https:\/\/api.w.org\/{rel}","templated":true}]}}