{"id":4284,"date":"2022-09-05T19:25:58","date_gmt":"2022-09-05T19:25:58","guid":{"rendered":"https:\/\/domiberica.international\/product\/crema-de-batir-whipn-ice-vainilla"},"modified":"2022-09-05T19:25:58","modified_gmt":"2022-09-05T19:25:58","slug":"crema-de-batir-whipn-ice-vainilla","status":"publish","type":"product","link":"https:\/\/domiberica.international\/es\/producto\/crema-de-batir-whipn-ice-vainilla","title":{"rendered":"Crema de Batir Whip&#8217;N Ice Vainilla"},"content":{"rendered":"","protected":false},"excerpt":{"rendered":"<p>M\u00e1s liviano que la cobertura tradicional y con alta estabilidad a temperatura ambiente, Whip\u2019n Ice\u2122 es el sue\u00f1o de un decorador. Los sabores son deliciosos pero sin saturar el paladar\u2026y tienen un color bello. Y es muy f\u00e1cil de usar: no debe agregar o medir nada, lo \u00fanico que tiene que hacer es verter, batir y decorar. Tambi\u00e9n puede ser congelada despu\u00e9s de la aplicaci\u00f3n.<\/p>\n","protected":false},"featured_media":4285,"template":"","meta":[],"product_brand":[],"product_cat":[410,1150,427],"product_tag":[456,1179],"class_list":{"0":"post-4284","1":"product","2":"type-product","3":"status-publish","4":"has-post-thumbnail","6":"product_cat-alimentos","7":"product_cat-ntd-es","8":"product_cat-pasteleria","9":"product_tag-alimentos","10":"product_tag-ntd-es","12":"first","13":"instock","14":"shipping-taxable","15":"product-type-simple"},"_links":{"self":[{"href":"https:\/\/domiberica.international\/es\/wp-json\/wp\/v2\/product\/4284","targetHints":{"allow":["GET"]}}],"collection":[{"href":"https:\/\/domiberica.international\/es\/wp-json\/wp\/v2\/product"}],"about":[{"href":"https:\/\/domiberica.international\/es\/wp-json\/wp\/v2\/types\/product"}],"version-history":[{"count":0,"href":"https:\/\/domiberica.international\/es\/wp-json\/wp\/v2\/product\/4284\/revisions"}],"wp:featuredmedia":[{"embeddable":true,"href":"https:\/\/domiberica.international\/es\/wp-json\/wp\/v2\/media\/4285"}],"wp:attachment":[{"href":"https:\/\/domiberica.international\/es\/wp-json\/wp\/v2\/media?parent=4284"}],"wp:term":[{"taxonomy":"product_brand","embeddable":true,"href":"https:\/\/domiberica.international\/es\/wp-json\/wp\/v2\/product_brand?post=4284"},{"taxonomy":"product_cat","embeddable":true,"href":"https:\/\/domiberica.international\/es\/wp-json\/wp\/v2\/product_cat?post=4284"},{"taxonomy":"product_tag","embeddable":true,"href":"https:\/\/domiberica.international\/es\/wp-json\/wp\/v2\/product_tag?post=4284"}],"curies":[{"name":"wp","href":"https:\/\/api.w.org\/{rel}","templated":true}]}}