{"id":4286,"date":"2022-09-05T19:22:27","date_gmt":"2022-09-05T19:22:27","guid":{"rendered":"https:\/\/domiberica.international\/product\/nata-caterwhip"},"modified":"2022-09-05T19:22:27","modified_gmt":"2022-09-05T19:22:27","slug":"nata-caterwhip","status":"publish","type":"product","link":"https:\/\/domiberica.international\/es\/producto\/nata-caterwhip","title":{"rendered":"Nata Caterwhip"},"content":{"rendered":"","protected":false},"excerpt":{"rendered":"<p>Una alternativa de crema l\u00edquida sin az\u00facar con un color cremoso para la decoraci\u00f3n de pasteles y postres, mousses, etc. El producto se puede usar en la cocina como una crema fresca, sin un fuerte calentamiento o mezcla con sustancias \u00e1cidas.<\/p>\n","protected":false},"featured_media":4287,"template":"","meta":[],"product_brand":[],"product_cat":[410,1150,427],"product_tag":[456,1179],"class_list":{"0":"post-4286","1":"product","2":"type-product","3":"status-publish","4":"has-post-thumbnail","6":"product_cat-alimentos","7":"product_cat-ntd-es","8":"product_cat-pasteleria","9":"product_tag-alimentos","10":"product_tag-ntd-es","12":"first","13":"instock","14":"shipping-taxable","15":"product-type-simple"},"_links":{"self":[{"href":"https:\/\/domiberica.international\/es\/wp-json\/wp\/v2\/product\/4286","targetHints":{"allow":["GET"]}}],"collection":[{"href":"https:\/\/domiberica.international\/es\/wp-json\/wp\/v2\/product"}],"about":[{"href":"https:\/\/domiberica.international\/es\/wp-json\/wp\/v2\/types\/product"}],"version-history":[{"count":0,"href":"https:\/\/domiberica.international\/es\/wp-json\/wp\/v2\/product\/4286\/revisions"}],"wp:featuredmedia":[{"embeddable":true,"href":"https:\/\/domiberica.international\/es\/wp-json\/wp\/v2\/media\/4287"}],"wp:attachment":[{"href":"https:\/\/domiberica.international\/es\/wp-json\/wp\/v2\/media?parent=4286"}],"wp:term":[{"taxonomy":"product_brand","embeddable":true,"href":"https:\/\/domiberica.international\/es\/wp-json\/wp\/v2\/product_brand?post=4286"},{"taxonomy":"product_cat","embeddable":true,"href":"https:\/\/domiberica.international\/es\/wp-json\/wp\/v2\/product_cat?post=4286"},{"taxonomy":"product_tag","embeddable":true,"href":"https:\/\/domiberica.international\/es\/wp-json\/wp\/v2\/product_tag?post=4286"}],"curies":[{"name":"wp","href":"https:\/\/api.w.org\/{rel}","templated":true}]}}