{"id":4290,"date":"2022-09-05T19:15:37","date_gmt":"2022-09-05T19:15:37","guid":{"rendered":"https:\/\/domiberica.international\/product\/color-oro-en-polvo-metalizado"},"modified":"2022-09-05T19:15:37","modified_gmt":"2022-09-05T19:15:37","slug":"color-oro-en-polvo-metalizado","status":"publish","type":"product","link":"https:\/\/domiberica.international\/es\/producto\/color-oro-en-polvo-metalizado","title":{"rendered":"Color oro en polvo metalizado"},"content":{"rendered":"","protected":false},"excerpt":{"rendered":"<p>Colorantes en polvo met\u00e1lizado, tonos de alta concentraci\u00f3n, su textura facilita la aplicaci\u00f3n y no proporciona olor ni sabor. F\u00e1cil de aplicar. Se puede utilizar directamente con una gota de manteca de cacao fundida o aceite vegetal y aplicar con un pincel sobre la escultura o pieza de chocolate.<\/p>\n","protected":false},"featured_media":4291,"template":"","meta":[],"product_brand":[],"product_cat":[410,1150,427],"product_tag":[456,1179],"class_list":{"0":"post-4290","1":"product","2":"type-product","3":"status-publish","4":"has-post-thumbnail","6":"product_cat-alimentos","7":"product_cat-ntd-es","8":"product_cat-pasteleria","9":"product_tag-alimentos","10":"product_tag-ntd-es","12":"first","13":"instock","14":"shipping-taxable","15":"product-type-simple"},"_links":{"self":[{"href":"https:\/\/domiberica.international\/es\/wp-json\/wp\/v2\/product\/4290","targetHints":{"allow":["GET"]}}],"collection":[{"href":"https:\/\/domiberica.international\/es\/wp-json\/wp\/v2\/product"}],"about":[{"href":"https:\/\/domiberica.international\/es\/wp-json\/wp\/v2\/types\/product"}],"version-history":[{"count":0,"href":"https:\/\/domiberica.international\/es\/wp-json\/wp\/v2\/product\/4290\/revisions"}],"wp:featuredmedia":[{"embeddable":true,"href":"https:\/\/domiberica.international\/es\/wp-json\/wp\/v2\/media\/4291"}],"wp:attachment":[{"href":"https:\/\/domiberica.international\/es\/wp-json\/wp\/v2\/media?parent=4290"}],"wp:term":[{"taxonomy":"product_brand","embeddable":true,"href":"https:\/\/domiberica.international\/es\/wp-json\/wp\/v2\/product_brand?post=4290"},{"taxonomy":"product_cat","embeddable":true,"href":"https:\/\/domiberica.international\/es\/wp-json\/wp\/v2\/product_cat?post=4290"},{"taxonomy":"product_tag","embeddable":true,"href":"https:\/\/domiberica.international\/es\/wp-json\/wp\/v2\/product_tag?post=4290"}],"curies":[{"name":"wp","href":"https:\/\/api.w.org\/{rel}","templated":true}]}}