{"id":4634,"date":"2022-09-06T23:48:30","date_gmt":"2022-09-06T23:48:30","guid":{"rendered":"https:\/\/domiberica.international\/product\/pure-chinola-fruta-de-la-pasion"},"modified":"2022-09-09T00:16:25","modified_gmt":"2022-09-09T00:16:25","slug":"pure-chinola-fruto-de-la-pasion","status":"publish","type":"product","link":"https:\/\/domiberica.international\/es\/producto\/pure-chinola-fruto-de-la-pasion","title":{"rendered":"Pur\u00e9 Chinola (Fruta De La Pasi\u00f3n)"},"content":{"rendered":"","protected":false},"excerpt":{"rendered":"<p>Un producto natural sin sabor a\u00f1adido, ni color, ni conservante: 90% de pulpa de fruta y 10% de az\u00facar o 100% de fruta. Un proceso suave adaptado a cada fruta, respetando la fruta y la naturaleza, para un resultado sabroso.<\/p>\n<p>&nbsp;<\/p>\n<p>&nbsp;<\/p>\n","protected":false},"featured_media":4548,"template":"","meta":[],"product_brand":[],"product_cat":[410,1150,427],"product_tag":[456,1179],"class_list":{"0":"post-4634","1":"product","2":"type-product","3":"status-publish","4":"has-post-thumbnail","6":"product_cat-alimentos","7":"product_cat-ntd-es","8":"product_cat-pasteleria","9":"product_tag-alimentos","10":"product_tag-ntd-es","12":"first","13":"instock","14":"shipping-taxable","15":"product-type-simple"},"_links":{"self":[{"href":"https:\/\/domiberica.international\/es\/wp-json\/wp\/v2\/product\/4634","targetHints":{"allow":["GET"]}}],"collection":[{"href":"https:\/\/domiberica.international\/es\/wp-json\/wp\/v2\/product"}],"about":[{"href":"https:\/\/domiberica.international\/es\/wp-json\/wp\/v2\/types\/product"}],"version-history":[{"count":2,"href":"https:\/\/domiberica.international\/es\/wp-json\/wp\/v2\/product\/4634\/revisions"}],"predecessor-version":[{"id":4808,"href":"https:\/\/domiberica.international\/es\/wp-json\/wp\/v2\/product\/4634\/revisions\/4808"}],"wp:featuredmedia":[{"embeddable":true,"href":"https:\/\/domiberica.international\/es\/wp-json\/wp\/v2\/media\/4548"}],"wp:attachment":[{"href":"https:\/\/domiberica.international\/es\/wp-json\/wp\/v2\/media?parent=4634"}],"wp:term":[{"taxonomy":"product_brand","embeddable":true,"href":"https:\/\/domiberica.international\/es\/wp-json\/wp\/v2\/product_brand?post=4634"},{"taxonomy":"product_cat","embeddable":true,"href":"https:\/\/domiberica.international\/es\/wp-json\/wp\/v2\/product_cat?post=4634"},{"taxonomy":"product_tag","embeddable":true,"href":"https:\/\/domiberica.international\/es\/wp-json\/wp\/v2\/product_tag?post=4634"}],"curies":[{"name":"wp","href":"https:\/\/api.w.org\/{rel}","templated":true}]}}