{"id":4636,"date":"2022-09-06T23:43:47","date_gmt":"2022-09-06T23:43:47","guid":{"rendered":"https:\/\/domiberica.international\/product\/soft-ice-vainilla-mix"},"modified":"2022-09-08T23:37:18","modified_gmt":"2022-09-08T23:37:18","slug":"soft-ice-vainilla-mix","status":"publish","type":"product","link":"https:\/\/domiberica.international\/es\/producto\/soft-ice-vainilla-mix","title":{"rendered":"Soft Ice Vainilla Mix"},"content":{"rendered":"","protected":false},"excerpt":{"rendered":"<p>Mezcla l\u00edquida lista para usar. Abrir y verter directamente en la m\u00e1quina de hielo blando. Mezcla de hielo suave DANICA tiene un derretimiento m\u00e1s lento que el hielo blando l\u00e1cteo debido a la grasa vegetal. Esto evita que se derrame hielo en los waffles.<\/p>\n<p>&nbsp;<\/p>\n<p>&nbsp;<\/p>\n","protected":false},"featured_media":4538,"template":"","meta":[],"product_brand":[],"product_cat":[410,1150,427],"product_tag":[456,1179],"class_list":{"0":"post-4636","1":"product","2":"type-product","3":"status-publish","4":"has-post-thumbnail","6":"product_cat-alimentos","7":"product_cat-ntd-es","8":"product_cat-pasteleria","9":"product_tag-alimentos","10":"product_tag-ntd-es","12":"first","13":"instock","14":"shipping-taxable","15":"product-type-simple"},"_links":{"self":[{"href":"https:\/\/domiberica.international\/es\/wp-json\/wp\/v2\/product\/4636","targetHints":{"allow":["GET"]}}],"collection":[{"href":"https:\/\/domiberica.international\/es\/wp-json\/wp\/v2\/product"}],"about":[{"href":"https:\/\/domiberica.international\/es\/wp-json\/wp\/v2\/types\/product"}],"version-history":[{"count":1,"href":"https:\/\/domiberica.international\/es\/wp-json\/wp\/v2\/product\/4636\/revisions"}],"predecessor-version":[{"id":4803,"href":"https:\/\/domiberica.international\/es\/wp-json\/wp\/v2\/product\/4636\/revisions\/4803"}],"wp:featuredmedia":[{"embeddable":true,"href":"https:\/\/domiberica.international\/es\/wp-json\/wp\/v2\/media\/4538"}],"wp:attachment":[{"href":"https:\/\/domiberica.international\/es\/wp-json\/wp\/v2\/media?parent=4636"}],"wp:term":[{"taxonomy":"product_brand","embeddable":true,"href":"https:\/\/domiberica.international\/es\/wp-json\/wp\/v2\/product_brand?post=4636"},{"taxonomy":"product_cat","embeddable":true,"href":"https:\/\/domiberica.international\/es\/wp-json\/wp\/v2\/product_cat?post=4636"},{"taxonomy":"product_tag","embeddable":true,"href":"https:\/\/domiberica.international\/es\/wp-json\/wp\/v2\/product_tag?post=4636"}],"curies":[{"name":"wp","href":"https:\/\/api.w.org\/{rel}","templated":true}]}}