{"id":4638,"date":"2022-09-06T23:38:27","date_gmt":"2022-09-06T23:38:27","guid":{"rendered":"https:\/\/domiberica.international\/product\/mousse-zeesan-de-limon"},"modified":"2022-09-08T23:01:26","modified_gmt":"2022-09-08T23:01:26","slug":"mousse-zeesan-de-limon","status":"publish","type":"product","link":"https:\/\/domiberica.international\/es\/producto\/mousse-zeesan-de-limon","title":{"rendered":"Mousse Zeesan de Lim\u00f3n"},"content":{"rendered":"","protected":false},"excerpt":{"rendered":"<p>Preparado para la elaboraci\u00f3n de semifr\u00edos y mousses de alta calidad, con el que se consigue un producto cremoso y ligero. Aporta a la nata el sabor, la consistencia y la textura cremosa. De larga duraci\u00f3n en fr\u00edo positivo.<\/p>\n<p>&nbsp;<\/p>\n<p>&nbsp;<\/p>\n","protected":false},"featured_media":4528,"template":"","meta":[],"product_brand":[],"product_cat":[410,1150,427],"product_tag":[456,1179],"class_list":{"0":"post-4638","1":"product","2":"type-product","3":"status-publish","4":"has-post-thumbnail","6":"product_cat-alimentos","7":"product_cat-ntd-es","8":"product_cat-pasteleria","9":"product_tag-alimentos","10":"product_tag-ntd-es","12":"first","13":"instock","14":"shipping-taxable","15":"product-type-simple"},"_links":{"self":[{"href":"https:\/\/domiberica.international\/es\/wp-json\/wp\/v2\/product\/4638","targetHints":{"allow":["GET"]}}],"collection":[{"href":"https:\/\/domiberica.international\/es\/wp-json\/wp\/v2\/product"}],"about":[{"href":"https:\/\/domiberica.international\/es\/wp-json\/wp\/v2\/types\/product"}],"version-history":[{"count":1,"href":"https:\/\/domiberica.international\/es\/wp-json\/wp\/v2\/product\/4638\/revisions"}],"predecessor-version":[{"id":4794,"href":"https:\/\/domiberica.international\/es\/wp-json\/wp\/v2\/product\/4638\/revisions\/4794"}],"wp:featuredmedia":[{"embeddable":true,"href":"https:\/\/domiberica.international\/es\/wp-json\/wp\/v2\/media\/4528"}],"wp:attachment":[{"href":"https:\/\/domiberica.international\/es\/wp-json\/wp\/v2\/media?parent=4638"}],"wp:term":[{"taxonomy":"product_brand","embeddable":true,"href":"https:\/\/domiberica.international\/es\/wp-json\/wp\/v2\/product_brand?post=4638"},{"taxonomy":"product_cat","embeddable":true,"href":"https:\/\/domiberica.international\/es\/wp-json\/wp\/v2\/product_cat?post=4638"},{"taxonomy":"product_tag","embeddable":true,"href":"https:\/\/domiberica.international\/es\/wp-json\/wp\/v2\/product_tag?post=4638"}],"curies":[{"name":"wp","href":"https:\/\/api.w.org\/{rel}","templated":true}]}}