{"id":4649,"date":"2022-09-06T23:18:24","date_gmt":"2022-09-06T23:18:24","guid":{"rendered":"https:\/\/domiberica.international\/product\/syrop-mixybar-canela"},"modified":"2022-09-06T23:18:24","modified_gmt":"2022-09-06T23:18:24","slug":"syrop-mixybar-canela","status":"publish","type":"product","link":"https:\/\/domiberica.international\/es\/producto\/syrop-mixybar-canela","title":{"rendered":"Syrop Mixybar Canela"},"content":{"rendered":"","protected":false},"excerpt":{"rendered":"<p>Una gama completa de concentrados de frutas para ayudarte a preparar deliciosos aperitivos, tragos largos, c\u00f3cteles y batidos durante todo el a\u00f1o. Al ser extremadamente vers\u00e1tiles, tambi\u00e9n son ideales para aperitivos, c\u00f3cteles e highballs, as\u00ed como granizados, batidos, batidos y sorbetes. Una excelente alternativa a la fruta fresca.<\/p>\n<p>&nbsp;<\/p>\n<p>&nbsp;<\/p>\n","protected":false},"featured_media":4483,"template":"","meta":[],"product_brand":[],"product_cat":[410,1150,427],"product_tag":[456,1179],"class_list":{"0":"post-4649","1":"product","2":"type-product","3":"status-publish","4":"has-post-thumbnail","6":"product_cat-alimentos","7":"product_cat-ntd-es","8":"product_cat-pasteleria","9":"product_tag-alimentos","10":"product_tag-ntd-es","12":"first","13":"instock","14":"shipping-taxable","15":"product-type-simple"},"_links":{"self":[{"href":"https:\/\/domiberica.international\/es\/wp-json\/wp\/v2\/product\/4649","targetHints":{"allow":["GET"]}}],"collection":[{"href":"https:\/\/domiberica.international\/es\/wp-json\/wp\/v2\/product"}],"about":[{"href":"https:\/\/domiberica.international\/es\/wp-json\/wp\/v2\/types\/product"}],"version-history":[{"count":0,"href":"https:\/\/domiberica.international\/es\/wp-json\/wp\/v2\/product\/4649\/revisions"}],"wp:featuredmedia":[{"embeddable":true,"href":"https:\/\/domiberica.international\/es\/wp-json\/wp\/v2\/media\/4483"}],"wp:attachment":[{"href":"https:\/\/domiberica.international\/es\/wp-json\/wp\/v2\/media?parent=4649"}],"wp:term":[{"taxonomy":"product_brand","embeddable":true,"href":"https:\/\/domiberica.international\/es\/wp-json\/wp\/v2\/product_brand?post=4649"},{"taxonomy":"product_cat","embeddable":true,"href":"https:\/\/domiberica.international\/es\/wp-json\/wp\/v2\/product_cat?post=4649"},{"taxonomy":"product_tag","embeddable":true,"href":"https:\/\/domiberica.international\/es\/wp-json\/wp\/v2\/product_tag?post=4649"}],"curies":[{"name":"wp","href":"https:\/\/api.w.org\/{rel}","templated":true}]}}