{"id":4669,"date":"2022-09-06T22:26:27","date_gmt":"2022-09-06T22:26:27","guid":{"rendered":"https:\/\/domiberica.international\/product\/caravella-escamas-de-chocolate"},"modified":"2022-09-06T22:26:27","modified_gmt":"2022-09-06T22:26:27","slug":"caravella-escamas-de-chocolate","status":"publish","type":"product","link":"https:\/\/domiberica.international\/es\/producto\/caravella-escamas-de-chocolate","title":{"rendered":"Caravella Escamas de Chocolate"},"content":{"rendered":"","protected":false},"excerpt":{"rendered":"<p>Escamas de Chocolate es caracterizado por su excelente relaci\u00f3n, calidad y facilidad de uso para reposter\u00eda: coberturas, relleno y decoraci\u00f3n de galletas, pasteles, croissants y semifr\u00edos.<\/p>\n<p>&nbsp;<\/p>\n<p>&nbsp;<\/p>\n","protected":false},"featured_media":4397,"template":"","meta":[],"product_brand":[],"product_cat":[410,1150,427],"product_tag":[456,1179],"class_list":{"0":"post-4669","1":"product","2":"type-product","3":"status-publish","4":"has-post-thumbnail","6":"product_cat-alimentos","7":"product_cat-ntd-es","8":"product_cat-pasteleria","9":"product_tag-alimentos","10":"product_tag-ntd-es","12":"first","13":"instock","14":"shipping-taxable","15":"product-type-simple"},"_links":{"self":[{"href":"https:\/\/domiberica.international\/es\/wp-json\/wp\/v2\/product\/4669","targetHints":{"allow":["GET"]}}],"collection":[{"href":"https:\/\/domiberica.international\/es\/wp-json\/wp\/v2\/product"}],"about":[{"href":"https:\/\/domiberica.international\/es\/wp-json\/wp\/v2\/types\/product"}],"version-history":[{"count":0,"href":"https:\/\/domiberica.international\/es\/wp-json\/wp\/v2\/product\/4669\/revisions"}],"wp:featuredmedia":[{"embeddable":true,"href":"https:\/\/domiberica.international\/es\/wp-json\/wp\/v2\/media\/4397"}],"wp:attachment":[{"href":"https:\/\/domiberica.international\/es\/wp-json\/wp\/v2\/media?parent=4669"}],"wp:term":[{"taxonomy":"product_brand","embeddable":true,"href":"https:\/\/domiberica.international\/es\/wp-json\/wp\/v2\/product_brand?post=4669"},{"taxonomy":"product_cat","embeddable":true,"href":"https:\/\/domiberica.international\/es\/wp-json\/wp\/v2\/product_cat?post=4669"},{"taxonomy":"product_tag","embeddable":true,"href":"https:\/\/domiberica.international\/es\/wp-json\/wp\/v2\/product_tag?post=4669"}],"curies":[{"name":"wp","href":"https:\/\/api.w.org\/{rel}","templated":true}]}}