{"id":4670,"date":"2022-09-06T22:23:06","date_gmt":"2022-09-06T22:23:06","guid":{"rendered":"https:\/\/domiberica.international\/product\/supreme-top-vainilla-icing-filling"},"modified":"2022-09-06T22:23:06","modified_gmt":"2022-09-06T22:23:06","slug":"supreme-top-vainilla-icing-filling-2","status":"publish","type":"product","link":"https:\/\/domiberica.international\/es\/producto\/supreme-top-vainilla-icing-filling-2","title":{"rendered":"Supreme Top Vainilla Icing &amp; Filling"},"content":{"rendered":"","protected":false},"excerpt":{"rendered":"<p>Crema vegetal para batir de uso profesional, para aplicar en manga o con esp\u00e1tula sabor a vainilla. Resistente a congelaci\u00f3n y descongelaci\u00f3n, mantiene brillo y color despu\u00e9s de congelaci\u00f3n, resistente al calor y la humedad, ideal para el glaseado de pasteles, capas de glaseado o un relleno.<\/p>\n<p>&nbsp;<\/p>\n<p>&nbsp;<\/p>\n","protected":false},"featured_media":4392,"template":"","meta":[],"product_brand":[],"product_cat":[410,1150,427],"product_tag":[456,1179],"class_list":{"0":"post-4670","1":"product","2":"type-product","3":"status-publish","4":"has-post-thumbnail","6":"product_cat-alimentos","7":"product_cat-ntd-es","8":"product_cat-pasteleria","9":"product_tag-alimentos","10":"product_tag-ntd-es","12":"first","13":"instock","14":"shipping-taxable","15":"product-type-simple"},"_links":{"self":[{"href":"https:\/\/domiberica.international\/es\/wp-json\/wp\/v2\/product\/4670","targetHints":{"allow":["GET"]}}],"collection":[{"href":"https:\/\/domiberica.international\/es\/wp-json\/wp\/v2\/product"}],"about":[{"href":"https:\/\/domiberica.international\/es\/wp-json\/wp\/v2\/types\/product"}],"version-history":[{"count":0,"href":"https:\/\/domiberica.international\/es\/wp-json\/wp\/v2\/product\/4670\/revisions"}],"wp:featuredmedia":[{"embeddable":true,"href":"https:\/\/domiberica.international\/es\/wp-json\/wp\/v2\/media\/4392"}],"wp:attachment":[{"href":"https:\/\/domiberica.international\/es\/wp-json\/wp\/v2\/media?parent=4670"}],"wp:term":[{"taxonomy":"product_brand","embeddable":true,"href":"https:\/\/domiberica.international\/es\/wp-json\/wp\/v2\/product_brand?post=4670"},{"taxonomy":"product_cat","embeddable":true,"href":"https:\/\/domiberica.international\/es\/wp-json\/wp\/v2\/product_cat?post=4670"},{"taxonomy":"product_tag","embeddable":true,"href":"https:\/\/domiberica.international\/es\/wp-json\/wp\/v2\/product_tag?post=4670"}],"curies":[{"name":"wp","href":"https:\/\/api.w.org\/{rel}","templated":true}]}}