{"id":4673,"date":"2022-09-06T22:14:09","date_gmt":"2022-09-06T22:14:09","guid":{"rendered":"https:\/\/domiberica.international\/product\/colorante-en-gel-azul-royal"},"modified":"2022-09-06T22:14:09","modified_gmt":"2022-09-06T22:14:09","slug":"colorante-en-gel-azul-royal","status":"publish","type":"product","link":"https:\/\/domiberica.international\/es\/producto\/colorante-en-gel-azul-royal","title":{"rendered":"Colorante En Gel Azul Royal"},"content":{"rendered":"","protected":false},"excerpt":{"rendered":"<p>Los colores de gel premium son una opci\u00f3n de color vers\u00e1til. Ideal para usar con crema de mantequilla o glaseado batido, fondant y gel para tuber\u00edas. Desarrollada para panader\u00edas por expertos en colorantes alimentarios, esta l\u00ednea de colores est\u00e1 formulada de manera \u00fanica para ofrecer tonos intensos y una mezcla uniforme.<\/p>\n<p>&nbsp;<\/p>\n<p>&nbsp;<\/p>\n","protected":false},"featured_media":4377,"template":"","meta":[],"product_brand":[],"product_cat":[410,1150,427],"product_tag":[456,1179],"class_list":{"0":"post-4673","1":"product","2":"type-product","3":"status-publish","4":"has-post-thumbnail","6":"product_cat-alimentos","7":"product_cat-ntd-es","8":"product_cat-pasteleria","9":"product_tag-alimentos","10":"product_tag-ntd-es","12":"first","13":"instock","14":"shipping-taxable","15":"product-type-simple"},"_links":{"self":[{"href":"https:\/\/domiberica.international\/es\/wp-json\/wp\/v2\/product\/4673","targetHints":{"allow":["GET"]}}],"collection":[{"href":"https:\/\/domiberica.international\/es\/wp-json\/wp\/v2\/product"}],"about":[{"href":"https:\/\/domiberica.international\/es\/wp-json\/wp\/v2\/types\/product"}],"version-history":[{"count":0,"href":"https:\/\/domiberica.international\/es\/wp-json\/wp\/v2\/product\/4673\/revisions"}],"wp:featuredmedia":[{"embeddable":true,"href":"https:\/\/domiberica.international\/es\/wp-json\/wp\/v2\/media\/4377"}],"wp:attachment":[{"href":"https:\/\/domiberica.international\/es\/wp-json\/wp\/v2\/media?parent=4673"}],"wp:term":[{"taxonomy":"product_brand","embeddable":true,"href":"https:\/\/domiberica.international\/es\/wp-json\/wp\/v2\/product_brand?post=4673"},{"taxonomy":"product_cat","embeddable":true,"href":"https:\/\/domiberica.international\/es\/wp-json\/wp\/v2\/product_cat?post=4673"},{"taxonomy":"product_tag","embeddable":true,"href":"https:\/\/domiberica.international\/es\/wp-json\/wp\/v2\/product_tag?post=4673"}],"curies":[{"name":"wp","href":"https:\/\/api.w.org\/{rel}","templated":true}]}}