{"id":4679,"date":"2022-09-06T21:50:22","date_gmt":"2022-09-06T21:50:22","guid":{"rendered":"https:\/\/domiberica.international\/product\/satin-ice-blanco-icing"},"modified":"2022-09-06T21:50:22","modified_gmt":"2022-09-06T21:50:22","slug":"satin-ice-blanco-icing-2","status":"publish","type":"product","link":"https:\/\/domiberica.international\/es\/producto\/satin-ice-blanco-icing-2","title":{"rendered":"Satin Ice Blanco Icing"},"content":{"rendered":"","protected":false},"excerpt":{"rendered":"<p>Dise\u00f1ado para decorar y revestir. Acabado satinado suave que permite una creatividad sin fin. La herramienta del artista para decorar y cubrir. F\u00e1cil de usar para cualquier persona para hacer incre\u00edbles pasteles, cupcakes y galletas personalizados para cualquier ocasi\u00f3n.<\/p>\n<p>Sin gluten, sin frutos secos, sin l\u00e1cteos, vegano, kosher.<\/p>\n<p>&nbsp;<\/p>\n","protected":false},"featured_media":4345,"template":"","meta":[],"product_brand":[],"product_cat":[410,1150,427],"product_tag":[456,1179],"class_list":{"0":"post-4679","1":"product","2":"type-product","3":"status-publish","4":"has-post-thumbnail","6":"product_cat-alimentos","7":"product_cat-ntd-es","8":"product_cat-pasteleria","9":"product_tag-alimentos","10":"product_tag-ntd-es","12":"first","13":"instock","14":"shipping-taxable","15":"product-type-simple"},"_links":{"self":[{"href":"https:\/\/domiberica.international\/es\/wp-json\/wp\/v2\/product\/4679","targetHints":{"allow":["GET"]}}],"collection":[{"href":"https:\/\/domiberica.international\/es\/wp-json\/wp\/v2\/product"}],"about":[{"href":"https:\/\/domiberica.international\/es\/wp-json\/wp\/v2\/types\/product"}],"version-history":[{"count":0,"href":"https:\/\/domiberica.international\/es\/wp-json\/wp\/v2\/product\/4679\/revisions"}],"wp:featuredmedia":[{"embeddable":true,"href":"https:\/\/domiberica.international\/es\/wp-json\/wp\/v2\/media\/4345"}],"wp:attachment":[{"href":"https:\/\/domiberica.international\/es\/wp-json\/wp\/v2\/media?parent=4679"}],"wp:term":[{"taxonomy":"product_brand","embeddable":true,"href":"https:\/\/domiberica.international\/es\/wp-json\/wp\/v2\/product_brand?post=4679"},{"taxonomy":"product_cat","embeddable":true,"href":"https:\/\/domiberica.international\/es\/wp-json\/wp\/v2\/product_cat?post=4679"},{"taxonomy":"product_tag","embeddable":true,"href":"https:\/\/domiberica.international\/es\/wp-json\/wp\/v2\/product_tag?post=4679"}],"curies":[{"name":"wp","href":"https:\/\/api.w.org\/{rel}","templated":true}]}}